{"id":3299,"date":"2024-04-12T16:50:19","date_gmt":"2024-04-12T14:50:19","guid":{"rendered":"https:\/\/devwww.nesea.it\/wp_1\/?page_id=3299"},"modified":"2026-04-15T10:54:39","modified_gmt":"2026-04-15T08:54:39","slug":"digital-industry-transformation","status":"publish","type":"page","link":"https:\/\/www.nesea.it\/en\/smart-solutions\/digital-industry-transformation\/","title":{"rendered":"Digital Industry Transformation"},"content":{"rendered":"<!-- customize sez bread -->\n<style>\n  #breadcrumb-area {\n    background: url(https:\/\/www.nesea.it\/wp-content\/uploads\/2024\/04\/header-digital-cust.jpg)!important;\n    background-position: 0 0!important;\n    background-size: cover!important;\n    background-repeat: no-repeat!important;    \n  }\n<\/style>\n<!-- fine customize sez bread -->\n\n<section class=\"section-padding\">\n\t<!-- Testo apertura -->\n\t<div class=\"container-cust txt-apertura\">\n\t\t<div class=\"row\">\n\t\t\t<div class=\"col-12 col-lg-6 d-flex justify-content-center\">\n\t\t\t\t<img decoding=\"async\" title=\"Digital Industry Transformation\" src=\"https:\/\/www.nesea.it\/wp-content\/uploads\/2024\/02\/n-big-grey.png\" alt=\"Digital Industry Transformation\" style=\"height: 70%;\">\n\t\t\t\t\t<div class=\"d-flex justify-content-center align-items-center txt-inclinato\">\n\t\t\t\t\t\t<h2 class=\"titoli-h1-bay\">Smart<\/h2>\n\t\t\t\t\t<\/div>\n\t\t\t<\/div>\n\t\t\t<div class=\"col-12 col-lg-6\">\n\t\t\t\t<h1 class=\"titoli-h1 txt-come\">Smart Solutions for Digital Industry Transformation<\/h1>\n\t\t\t\t<p class=\"p-cust\">At the heart of digital evolution, nesea is positioned as a catalyst for change through integrated and innovative Smart solutions. Our Digital Industry Transformation offering is designed to modernize your operations, increase efficiency and maximize productivity with cutting-edge technologies. <\/p>\n\t\t\t<\/div>\n\t\t<\/div>\n\t<\/div>\n\t<!-- contenuti -->\n\t<div class=\"container container-full-cust\">\n\t\t\n\t\t<!-- <div class=\"row pt-5 mt-5 mb-5\"> -->\n\t\t\t<!-- <div class=\"col-12 col-lg-6 txt-dx smart order-last order-lg-first d-flex flex-column justify-content-center\"> -->\n\t\t\t\t<!-- <h2 class=\"titoli-h2 \">Soluzioni Cloud per innovazione e scalabilit\u00e0 nella Digital Industry  <\/h2> -->\n\t\t\t\t<!-- <p class=\"p-cust\">Con le soluzioni Cloud di nesea, introduciamo flessibilit\u00e0 e scalabilit\u00e0 in ogni processo industriale, permettendo alle aziende di sfruttare al meglio la potenza del cloud computing per un'infrastruttura agile e all'avanguardia.<\/p> -->\n<!-- <p class=\"p-cust\"> -->\n\t\t\t\t\t<!-- <a class=\"boxed-btn w-auto h-auto\" href=\"cloud\/\" style=\"margin-top: 0;\">Esplora le nostre soluzioni Cloud<\/a> -->\n\t\t\t\t<!-- <\/p> -->\n\t\t\t<!-- <\/div> -->\n\t\t\t<!-- <div class=\"col-12 col-lg-6 order-first order-lg-last\"> -->\n\t\t\t\t<!-- <img decoding=\"async\" title=\"Digital Industry Transformation\" src=\"https:\/\/www.nesea.it\/wp-content\/uploads\/2024\/04\/cloud-preview.jpg\" alt=\"Digital Industry Transformation\" class=\"float-right\"> -->\n\t\t\t<!-- <\/div> -->\n\t\t<!-- <\/div> -->\n\t\t\n\t\t\n\t\t<!-- <div class=\"row mt-5 pt-5 \"> -->\n\t\t\t<!-- <div class=\"col-12 col-lg-6\"> -->\n\t\t\t\t<!-- <img decoding=\"async\" title=\"Digital Industry Transformation\" src=\"https:\/\/www.nesea.it\/wp-content\/uploads\/2024\/04\/data-analytics-preview.jpg\" alt=\"Digital Industry Transformation\"> -->\n\t\t\t<!-- <\/div> -->\n\t\t\t<!-- <div class=\"col-12 col-lg-6 txt-sx smart d-flex flex-column justify-content-center\"> -->\n\t\t\t\t<!-- <h2 class=\"titoli-h2 \">Data & Analytics per una Digital Industry orientata al futuro<\/h2> -->\n\t\t\t\t<!-- <p class=\"p-cust\">Le soluzioni Data&Analytics di nesea trasformano grandi volumi di dati in insights preziosi, permettendo alle aziende di prendere decisioni informate e guidate dai dati, fondamentali per una Digital Industry efficace e orientata al futuro.<\/p> -->\n<!-- <p class=\"p-cust\"> -->\n\t\t\t\t\t<!-- <a class=\"boxed-btn w-auto h-auto\" href=\"data-analytics\/\" style=\"margin-top: 0;\">Scopri di pi\u00f9 su Data & Analytics<\/a> -->\n\t\t\t\t<!-- <\/p> -->\n\t\t\t<!-- <\/div> -->\n\t\t<!-- <\/div> -->\n\t\t\n\t\t<!-- <div class=\"row pt-5 mt-5 mb-5\"> -->\n\t\t\t<!-- <div class=\"col-12 col-lg-6 txt-dx smart order-last order-lg-first d-flex flex-column justify-content-center\"> -->\n\t\t\t\t<!-- <h2 class=\"titoli-h2 \">Sfrutta le Smart Data per Accelerare la Digital Industry Trasformation<\/h2> -->\n\t\t\t\t<!-- <p class=\"p-cust\">Sfrutta il potere dei Smart Data solution per anticipare le tendenze del mercato e personalizzare l'offerta, rimanendo sempre un passo avanti nella competizione. <\/p> -->\n<!-- <p class=\"p-cust\"> -->\n\t\t\t\t\t<!-- <a class=\"boxed-btn w-auto h-auto\" href=\"smart-data\/\" style=\"margin-top: 0;\">Scopri di pi\u00f9 sulle soluzioni Smart Data<\/a> -->\n\t\t\t\t<!-- <\/p> -->\n\t\t\t<!-- <\/div> -->\n\t\t\t<!-- <div class=\"col-12 col-lg-6 order-first order-lg-last\"> -->\n\t\t\t\t<!-- <img decoding=\"async\" title=\"Digital Industry Transformation\" src=\"https:\/\/www.nesea.it\/wp-content\/uploads\/2024\/04\/smart-data-preview.jpg\" alt=\"Digital Industry Transformation\" class=\"float-right\"> -->\n\t\t\t<!-- <\/div> -->\n\t\t<!-- <\/div> -->\n\t\t\n\t\t<!-- <div class=\"row mt-5 pt-5 \"> -->\n\t\t\t<!-- <div class=\"col-12 col-lg-6\"> -->\n\t\t\t\t<!-- <img decoding=\"async\" title=\"Digital Industry Transformation\" src=\"https:\/\/www.nesea.it\/wp-content\/uploads\/2024\/04\/intelligent-automation-preview.jpg\" alt=\"Digital Industry Transformation\"> -->\n\t\t\t<!-- <\/div> -->\n\t\t\t<!-- <div class=\"col-12 col-lg-6 txt-sx smart d-flex flex-column justify-content-center\"> -->\n\t\t\t\t<!-- <h2 class=\"titoli-h2 \">Intelligent Automation per una efficienza senza precedenti<\/h2> -->\n\t\t\t\t<!-- <p class=\"p-cust\">Con le avanzate soluzioni di Intelligent Automation di nesea, \u00e8 possibile rivoluzionare i processi aziendali, ottenendo riduzioni significative nei tempi di esecuzione e elevando la qualit\u00e0 operativa con tecnologie di automazione all'avanguardia.<\/p> -->\n<!-- <p class=\"p-cust\"> -->\n\t\t\t\t\t<!-- <a class=\"boxed-btn w-auto h-auto\" href=\"intelligent-automation\/\" style=\"margin-top: 0;\">Scopri di pi\u00f9 sull'Intelligent Automation<\/a> -->\n\t\t\t\t<!-- <\/p> -->\n\t\t\t<!-- <\/div> -->\n\t\t<!-- <\/div> -->\n\n     \n\t\t<!-- <div class=\"row pt-5 mt-5 mb-5\"> -->\n\t\t\t<!-- <div class=\"col-12 col-lg-6 txt-dx smart order-last order-lg-first d-flex flex-column justify-content-center\"> -->\n\t\t\t\t<!-- <h2 class=\"titoli-h2 \">Smart Mobility per un futuro pi\u00f9 sostenibile<\/h2> -->\n\t\t\t\t<!-- <p class=\"p-cust\">La Smart Mobility utilizza soluzioni tecnologiche avanzate per rendere i trasporti pi\u00f9 efficienti, sostenibili e sicuri, migliorando la qualit\u00e0 della vita nelle aree urbane e non solo. <\/p> -->\n<!-- <p class=\"p-cust\"> -->\n\t\t\t\t\t<!-- <a class=\"boxed-btn w-auto h-auto\" href=\"smart-mobility\/\" style=\"margin-top: 0;\">Scopri di pi\u00f9 sulla Smart Mobility<\/a> -->\n\t\t\t\t<!-- <\/p> -->\n\t\t\t<!-- <\/div> -->\n\t\t\t<!-- <div class=\"col-12 col-lg-6 order-first order-lg-last\"> -->\n\t\t\t\t<!-- <img decoding=\"async\" title=\"Innovation\" src=\"https:\/\/www.nesea.it\/wp-content\/uploads\/2024\/04\/smart-mobility-preview.jpg\" alt=\"Innovation\" class=\"float-right\"> -->\n\t\t\t<!-- <\/div> -->\n\t\t<!-- <\/div> -->\n\t\t\n\t\t\n\t\t<!-- <div class=\"row mt-5 pt-5 \"> -->\n\t\t\t<!-- <div class=\"col-12 col-lg-6\"> -->\n\t\t\t\t<!-- <img decoding=\"async\" title=\"Innovation\" src=\"https:\/\/www.nesea.it\/wp-content\/uploads\/2024\/04\/smart-agriculture-preview.jpg\" alt=\"Innovation\"> -->\n\t\t\t<!-- <\/div> -->\n\t\t\t<!-- <div class=\"col-12 col-lg-6 txt-sx smart d-flex flex-column justify-content-center\"> -->\n\t\t\t\t<!-- <h2 class=\"titoli-h2 \">Smart Agricolture: Innovation services nel cuore del campo<\/h2> -->\n\t\t\t\t<!-- <p class=\"p-cust\">L'innovation services di nesea trasformano il settore agricolo, integrando le tecnologie digitali pi\u00f9 avanzate per ottimizzare ogni aspetto della produzione con un focus sulla sostenibilit\u00e0 e l'efficienza.  <\/p> -->\n<!-- <p class=\"p-cust\"> -->\n\t\t\t\t\t<!-- <a class=\"boxed-btn w-auto h-auto\" href=\"smart-agricolture\/\" style=\"margin-top: 0;\">Scopri di pi\u00f9 sulla Smart Agricolture<\/a> -->\n\t\t\t\t<!-- <\/p> -->\n\t\t\t<!-- <\/div> -->\n\t\t<!-- <\/div> -->\n\t\t\n\t\t <!-- txt+img -->\n\t\t<div class=\"row pt-5 mt-5 mb-5\">\n\t\t\t<div class=\"col-12 col-lg-6 txt-dx smart order-last order-lg-first d-flex flex-column justify-content-center\">\n\t\t\t\t<h2 class=\"titoli-h2\">AI e Sostenibilit\u00e0: quando la trasformazione diventa operativa<\/h2>\n\t\t\t\t<p class=\"p-cust\">Le aziende che integrano intelligenza artificiale e sostenibilit\u00e0 nei processi stanno gi\u00e0 trasformando complessit\u00e0 operative in vantaggi competitivi concreti. Scopri come le Smart Solution nesea rendono questa evoluzione misurabile e scalabile<\/p>\n\t\t\t\t<p class=\"p-cust\">\n\t\t\t\t\t<a class=\"boxed-btn w-auto h-auto\" href=\"\/en\/sustainability-ai-transformation\/\" style=\"margin-top: 0;\">Scopri di pi\u00f9 su AI e Sostenibilit\u00e0<\/a>\n\t\t\t\t<\/p>\n\t\t\t<\/div>\n\t\t\t<div class=\"col-12 col-lg-6 order-first order-lg-last\">\n\t\t\t\t<img decoding=\"async\" title=\"Innovation\" src=\"https:\/\/www.nesea.it\/wp-content\/uploads\/2026\/04\/Immagini-anteprima-ai-sust.jpg\" alt=\"Innovation\" class=\"float-right\">\n\t\t\t<\/div>\n\t\t<\/div>\n\t\t\n\t\t\n\t\t<!-- img+txt -->\n\t\t<div class=\"row mt-5 pt-5\">\n\t\t\t<div class=\"col-12 col-lg-6\">\n\t\t\t\t<img decoding=\"async\" title=\"Innovation\" src=\"https:\/\/www.nesea.it\/wp-content\/uploads\/2026\/04\/immagine-anteprima-automazione.png\" alt=\"Innovation\">\n\t\t\t<\/div>\n\t\t\t<div class=\"col-12 col-lg-6 txt-sx smart d-flex flex-column justify-content-center\">\n\t\t\t\t<h2 class=\"titoli-h2\">Automazione processi aziendali<\/h2>\n\t\t\t\t<p class=\"p-cust\">Processi frammentati, costi in crescita e decisioni lente: scopri come l\u2019automazione processi aziendali pu\u00f2 trasformare le operation in un vantaggio competitivo concreto.<\/p>\n\t\t\t\t<p class=\"p-cust\">\n\t\t\t\t\t<a class=\"boxed-btn w-auto h-auto\" href=\"\/en\/automazione-processi-aziendali\/\" style=\"margin-top: 0;\">Scopri di pi\u00f9 su Automazione processi aziendali\/e<\/a>\n\t\t\t\t<\/p>\n\t\t\t<\/div>\n\t\t<\/div>\n\t\t\n\t\t\n\t\t<!-- txt+img -->\n\t\t<div class=\"row pt-5 mt-5 mb-5\">\n\t\t\t<div class=\"col-12 col-lg-6 txt-dx smart order-last order-lg-first d-flex flex-column justify-content-center\">\n\t\t\t\t<h2 class=\"titoli-h2\">Modernizzazione della struttura IT: da costo operativo a leva strategica<\/h2>\n\t\t\t\t<p class=\"p-cust\">Scopri come evolvere la tua infrastruttura digitale per migliorare efficienza, controllo e capacit\u00e0 decisionale, trasformando la complessit\u00e0 in valore concreto.<\/p>\n\t\t\t\t<p class=\"p-cust\">\n\t\t\t\t\t<a class=\"boxed-btn w-auto h-auto\" href=\"\/en\/infrastruttura-tecnologica\/\" style=\"margin-top: 0;\">Scopri di pi\u00f9 su Infrastruttura tecnologica <\/a>\n\t\t\t\t<\/p>\n\t\t\t<\/div>\n\t\t\t<div class=\"col-12 col-lg-6 order-first order-lg-last\">\n\t\t\t\t<img decoding=\"async\" title=\"Innovation\" src=\"https:\/\/www.nesea.it\/wp-content\/uploads\/2026\/04\/Immagine-anteprima-infra.jpg\" alt=\"Innovation\" class=\"float-right\">\n\t\t\t<\/div>\n\t\t<\/div>\n\t\t\n\n\n\t<\/div>\n\t<!-- txt finale -->\n\t<div class=\"container-cust mt-5\">\n\t\t<div class=\"d-flex justify-content-center\">\n\t\t\t<p class=\"p-cust mb-5\">Through our suite of Smart solutions, including Digital Asset Management, Digital Trust, and Human Centered Design, your company will be able to deliver exceptional customer experiences. Contact us to learn how we can help you realize your company&#039;s digital potential.<\/p>\n\t\t<\/div>\n\t<\/div>\n<\/section>","protected":false},"excerpt":{"rendered":"<p>Smart Soluzioni Smart per la Digital Industry Transformation Nel cuore dell&#8217;evoluzione digitale, nesea si posiziona come catalizzatore di cambiamento attraverso soluzioni Smart integrate e innovative. La nostra offerta in ambito di Digital Industry Transformation \u00e8 progettata per modernizzare le tue operazioni, aumentare l&#8217;efficienza e massimizzare la produttivit\u00e0 con tecnologie all&#8217;avanguardia. AI e Sostenibilit\u00e0: quando la [&hellip;]<\/p>","protected":false},"author":2,"featured_media":0,"parent":526,"menu_order":0,"comment_status":"closed","ping_status":"closed","template":"templates\/template_page-full-width.php","meta":{"footnotes":""},"class_list":["post-3299","page","type-page","status-publish","hentry"],"yoast_head":"<!-- This site is optimized with the Yoast SEO plugin v22.3 - https:\/\/yoast.com\/wordpress\/plugins\/seo\/ -->\n<title>Digital Industry Transformation con le Smart Solution di nesea<\/title>\n<meta name=\"description\" content=\"Guida la trasformazione del tuo settore con le Digital Industry Smart Solutions di nesea. Scopri le nostre soluzioni innovative in Cloud, Data&amp;Analytics, Smart Data e Intelligent Automation\" \/>\n<meta name=\"robots\" content=\"index, follow, max-snippet:-1, max-image-preview:large, max-video-preview:-1\" \/>\n<link rel=\"canonical\" href=\"https:\/\/www.nesea.it\/en\/smart-solutions\/digital-industry-transformation\/\" \/>\n<meta property=\"og:locale\" content=\"en_US\" \/>\n<meta property=\"og:type\" content=\"article\" \/>\n<meta property=\"og:title\" content=\"Digital Industry Transformation con le Smart Solution di nesea\" \/>\n<meta property=\"og:description\" content=\"Guida la trasformazione del tuo settore con le Digital Industry Smart Solutions di nesea. Scopri le nostre soluzioni innovative in Cloud, Data&amp;Analytics, Smart Data e Intelligent Automation\" \/>\n<meta property=\"og:url\" content=\"https:\/\/www.nesea.it\/en\/smart-solutions\/digital-industry-transformation\/\" \/>\n<meta property=\"og:site_name\" content=\"nesea\" \/>\n<meta property=\"article:publisher\" content=\"https:\/\/www.facebook.com\/neseaIT\" \/>\n<meta property=\"article:modified_time\" content=\"2026-04-15T08:54:39+00:00\" \/>\n<meta property=\"og:image\" content=\"https:\/\/www.nesea.it\/wp-content\/uploads\/2024\/02\/n-big-grey.png\" \/>\n<meta name=\"twitter:card\" content=\"summary_large_image\" \/>\n<meta name=\"twitter:site\" content=\"@nesea_it\" \/>\n<meta name=\"twitter:label1\" content=\"Est. reading time\" \/>\n\t<meta name=\"twitter:data1\" content=\"5 minutes\" \/>\n<script type=\"application\/ld+json\" class=\"yoast-schema-graph\">{\"@context\":\"https:\/\/schema.org\",\"@graph\":[{\"@type\":\"WebPage\",\"@id\":\"https:\/\/www.nesea.it\/smart-solutions\/digital-industry-transformation\/\",\"url\":\"https:\/\/www.nesea.it\/smart-solutions\/digital-industry-transformation\/\",\"name\":\"Digital Industry Transformation con le Smart Solution di nesea\",\"isPartOf\":{\"@id\":\"https:\/\/www.nesea.it\/#website\"},\"primaryImageOfPage\":{\"@id\":\"https:\/\/www.nesea.it\/smart-solutions\/digital-industry-transformation\/#primaryimage\"},\"image\":{\"@id\":\"https:\/\/www.nesea.it\/smart-solutions\/digital-industry-transformation\/#primaryimage\"},\"thumbnailUrl\":\"https:\/\/www.nesea.it\/wp-content\/uploads\/2024\/02\/n-big-grey.png\",\"datePublished\":\"2024-04-12T14:50:19+00:00\",\"dateModified\":\"2026-04-15T08:54:39+00:00\",\"description\":\"Guida la trasformazione del tuo settore con le Digital Industry Smart Solutions di nesea. Scopri le nostre soluzioni innovative in Cloud, Data&Analytics, Smart Data e Intelligent Automation\",\"breadcrumb\":{\"@id\":\"https:\/\/www.nesea.it\/smart-solutions\/digital-industry-transformation\/#breadcrumb\"},\"inLanguage\":\"en-US\",\"potentialAction\":[{\"@type\":\"ReadAction\",\"target\":[\"https:\/\/www.nesea.it\/smart-solutions\/digital-industry-transformation\/\"]}]},{\"@type\":\"ImageObject\",\"inLanguage\":\"en-US\",\"@id\":\"https:\/\/www.nesea.it\/smart-solutions\/digital-industry-transformation\/#primaryimage\",\"url\":\"https:\/\/www.nesea.it\/wp-content\/uploads\/2024\/02\/n-big-grey.png\",\"contentUrl\":\"https:\/\/www.nesea.it\/wp-content\/uploads\/2024\/02\/n-big-grey.png\",\"width\":624,\"height\":737},{\"@type\":\"BreadcrumbList\",\"@id\":\"https:\/\/www.nesea.it\/smart-solutions\/digital-industry-transformation\/#breadcrumb\",\"itemListElement\":[{\"@type\":\"ListItem\",\"position\":1,\"name\":\"Home\",\"item\":\"https:\/\/www.nesea.it\/\"},{\"@type\":\"ListItem\",\"position\":2,\"name\":\"Smart solutions\",\"item\":\"https:\/\/www.nesea.it\/smart-solutions\/\"},{\"@type\":\"ListItem\",\"position\":3,\"name\":\"Digital Industry Transformation\"}]},{\"@type\":\"WebSite\",\"@id\":\"https:\/\/www.nesea.it\/#website\",\"url\":\"https:\/\/www.nesea.it\/\",\"name\":\"nesea\",\"description\":\"Ascolto in azione\",\"publisher\":{\"@id\":\"https:\/\/www.nesea.it\/#organization\"},\"potentialAction\":[{\"@type\":\"SearchAction\",\"target\":{\"@type\":\"EntryPoint\",\"urlTemplate\":\"https:\/\/www.nesea.it\/?s={search_term_string}\"},\"query-input\":\"required name=search_term_string\"}],\"inLanguage\":\"en-US\"},{\"@type\":\"Organization\",\"@id\":\"https:\/\/www.nesea.it\/#organization\",\"name\":\"nesea\",\"url\":\"https:\/\/www.nesea.it\/\",\"logo\":{\"@type\":\"ImageObject\",\"inLanguage\":\"en-US\",\"@id\":\"https:\/\/www.nesea.it\/#\/schema\/logo\/image\/\",\"url\":\"https:\/\/www.nesea.it\/wp-content\/uploads\/2023\/08\/logo_209x50.png\",\"contentUrl\":\"https:\/\/www.nesea.it\/wp-content\/uploads\/2023\/08\/logo_209x50.png\",\"width\":209,\"height\":50,\"caption\":\"nesea\"},\"image\":{\"@id\":\"https:\/\/www.nesea.it\/#\/schema\/logo\/image\/\"},\"sameAs\":[\"https:\/\/www.facebook.com\/neseaIT\",\"https:\/\/twitter.com\/nesea_it\",\"https:\/\/www.linkedin.com\/company\/nesea\/\",\"https:\/\/www.instagram.com\/neseaita\",\"https:\/\/www.youtube.com\/@neseaita\"]}]}<\/script>\n<!-- \/ Yoast SEO plugin. -->","yoast_head_json":{"title":"Digital Industry Transformation con le Smart Solution di nesea","description":"Guida la trasformazione del tuo settore con le Digital Industry Smart Solutions di nesea. Scopri le nostre soluzioni innovative in Cloud, Data&Analytics, Smart Data e Intelligent Automation","robots":{"index":"index","follow":"follow","max-snippet":"max-snippet:-1","max-image-preview":"max-image-preview:large","max-video-preview":"max-video-preview:-1"},"canonical":"https:\/\/www.nesea.it\/en\/smart-solutions\/digital-industry-transformation\/","og_locale":"en_US","og_type":"article","og_title":"Digital Industry Transformation con le Smart Solution di nesea","og_description":"Guida la trasformazione del tuo settore con le Digital Industry Smart Solutions di nesea. Scopri le nostre soluzioni innovative in Cloud, Data&Analytics, Smart Data e Intelligent Automation","og_url":"https:\/\/www.nesea.it\/en\/smart-solutions\/digital-industry-transformation\/","og_site_name":"nesea","article_publisher":"https:\/\/www.facebook.com\/neseaIT","article_modified_time":"2026-04-15T08:54:39+00:00","og_image":[{"url":"https:\/\/www.nesea.it\/wp-content\/uploads\/2024\/02\/n-big-grey.png"}],"twitter_card":"summary_large_image","twitter_site":"@nesea_it","twitter_misc":{"Est. reading time":"5 minutes"},"schema":{"@context":"https:\/\/schema.org","@graph":[{"@type":"WebPage","@id":"https:\/\/www.nesea.it\/smart-solutions\/digital-industry-transformation\/","url":"https:\/\/www.nesea.it\/smart-solutions\/digital-industry-transformation\/","name":"Digital Industry Transformation con le Smart Solution di nesea","isPartOf":{"@id":"https:\/\/www.nesea.it\/#website"},"primaryImageOfPage":{"@id":"https:\/\/www.nesea.it\/smart-solutions\/digital-industry-transformation\/#primaryimage"},"image":{"@id":"https:\/\/www.nesea.it\/smart-solutions\/digital-industry-transformation\/#primaryimage"},"thumbnailUrl":"https:\/\/www.nesea.it\/wp-content\/uploads\/2024\/02\/n-big-grey.png","datePublished":"2024-04-12T14:50:19+00:00","dateModified":"2026-04-15T08:54:39+00:00","description":"Guida la trasformazione del tuo settore con le Digital Industry Smart Solutions di nesea. Scopri le nostre soluzioni innovative in Cloud, Data&Analytics, Smart Data e Intelligent Automation","breadcrumb":{"@id":"https:\/\/www.nesea.it\/smart-solutions\/digital-industry-transformation\/#breadcrumb"},"inLanguage":"en-US","potentialAction":[{"@type":"ReadAction","target":["https:\/\/www.nesea.it\/smart-solutions\/digital-industry-transformation\/"]}]},{"@type":"ImageObject","inLanguage":"en-US","@id":"https:\/\/www.nesea.it\/smart-solutions\/digital-industry-transformation\/#primaryimage","url":"https:\/\/www.nesea.it\/wp-content\/uploads\/2024\/02\/n-big-grey.png","contentUrl":"https:\/\/www.nesea.it\/wp-content\/uploads\/2024\/02\/n-big-grey.png","width":624,"height":737},{"@type":"BreadcrumbList","@id":"https:\/\/www.nesea.it\/smart-solutions\/digital-industry-transformation\/#breadcrumb","itemListElement":[{"@type":"ListItem","position":1,"name":"Home","item":"https:\/\/www.nesea.it\/"},{"@type":"ListItem","position":2,"name":"Smart solutions","item":"https:\/\/www.nesea.it\/smart-solutions\/"},{"@type":"ListItem","position":3,"name":"Digital Industry Transformation"}]},{"@type":"WebSite","@id":"https:\/\/www.nesea.it\/#website","url":"https:\/\/www.nesea.it\/","name":"nesea","description":"Ascolto in azione","publisher":{"@id":"https:\/\/www.nesea.it\/#organization"},"potentialAction":[{"@type":"SearchAction","target":{"@type":"EntryPoint","urlTemplate":"https:\/\/www.nesea.it\/?s={search_term_string}"},"query-input":"required name=search_term_string"}],"inLanguage":"en-US"},{"@type":"Organization","@id":"https:\/\/www.nesea.it\/#organization","name":"nesea","url":"https:\/\/www.nesea.it\/","logo":{"@type":"ImageObject","inLanguage":"en-US","@id":"https:\/\/www.nesea.it\/#\/schema\/logo\/image\/","url":"https:\/\/www.nesea.it\/wp-content\/uploads\/2023\/08\/logo_209x50.png","contentUrl":"https:\/\/www.nesea.it\/wp-content\/uploads\/2023\/08\/logo_209x50.png","width":209,"height":50,"caption":"nesea"},"image":{"@id":"https:\/\/www.nesea.it\/#\/schema\/logo\/image\/"},"sameAs":["https:\/\/www.facebook.com\/neseaIT","https:\/\/twitter.com\/nesea_it","https:\/\/www.linkedin.com\/company\/nesea\/","https:\/\/www.instagram.com\/neseaita","https:\/\/www.youtube.com\/@neseaita"]}]}},"_links":{"self":[{"href":"https:\/\/www.nesea.it\/en\/wp-json\/wp\/v2\/pages\/3299","targetHints":{"allow":["GET"]}}],"collection":[{"href":"https:\/\/www.nesea.it\/en\/wp-json\/wp\/v2\/pages"}],"about":[{"href":"https:\/\/www.nesea.it\/en\/wp-json\/wp\/v2\/types\/page"}],"author":[{"embeddable":true,"href":"https:\/\/www.nesea.it\/en\/wp-json\/wp\/v2\/users\/2"}],"replies":[{"embeddable":true,"href":"https:\/\/www.nesea.it\/en\/wp-json\/wp\/v2\/comments?post=3299"}],"version-history":[{"count":11,"href":"https:\/\/www.nesea.it\/en\/wp-json\/wp\/v2\/pages\/3299\/revisions"}],"predecessor-version":[{"id":5091,"href":"https:\/\/www.nesea.it\/en\/wp-json\/wp\/v2\/pages\/3299\/revisions\/5091"}],"up":[{"embeddable":true,"href":"https:\/\/www.nesea.it\/en\/wp-json\/wp\/v2\/pages\/526"}],"wp:attachment":[{"href":"https:\/\/www.nesea.it\/en\/wp-json\/wp\/v2\/media?parent=3299"}],"curies":[{"name":"wp","href":"https:\/\/api.w.org\/{rel}","templated":true}]}}