{"id":4541,"date":"2025-06-10T11:38:06","date_gmt":"2025-06-10T09:38:06","guid":{"rendered":"https:\/\/www.nesea.it\/?page_id=4541"},"modified":"2025-06-10T11:38:40","modified_gmt":"2025-06-10T09:38:40","slug":"compliance","status":"publish","type":"page","link":"https:\/\/www.nesea.it\/en\/chi-siamo\/compliance\/","title":{"rendered":"Compliance"},"content":{"rendered":"<!-- customize sez bread -->\n<style>\n  #breadcrumb-area {\n    background: url(https:\/\/www.nesea.it\/wp-content\/uploads\/2025\/06\/banner-compliance.jpg)!important;\n    background-position: 0 0!important;\n    background-size: cover!important;\n    background-repeat: no-repeat!important;    \n  }\n<\/style>\n<!-- fine customize sez bread -->\n\n<section class=\"section-padding\">\n\t<!-- Testo apertura -->\n\t<div class=\"container-cust txt-apertura mb-lg-5\" style=\"margin-top: 2em !important;\">\n\t\t<div class=\"row\">\n\t\t\t<div class=\"col-12 col-lg-6 d-flex justify-content-center\">\n\t\t\t\t<img decoding=\"async\" title=\"Green\" src=\"https:\/\/www.nesea.it\/wp-content\/uploads\/2024\/02\/n-big-grey.png\" alt=\"Green\" style=\"height: 70%;\">\n\t\t\t\t<div class=\"d-flex justify-content-center align-items-center txt-inclinato\">\n\t\t\t\t\t<h2 class=\"titoli-h1-bay\">Compliance<\/h2>\n\t\t\t\t<\/div>\n\t\t\t<\/div>\n\t\t\t<div class=\"col-12 col-lg-6\">\n\t\t\t\t<h1 class=\"titoli-h1 txt-come\">Certified compliance for quality, safety and sustainability<\/h1>\n\t\t\t\t<p class=\"p-cust\">For this reason, we adopt the main international standards, through certifications that guarantee process quality, information security, environmental sustainability and social commitment. This is how we integrate ESG principles into our daily work, offering reliable, ethical and inclusive digital solutions.<\/p>\n\t\t\t<\/div>\n\t\t<\/div>\n\t<\/div>\n\t<div class=\"container container-full-cust\">\n\t\n\t\t<!-- fascia txt-img -->\n\t\t<div class=\"row mt-5\" style=\"margin-bottom: 4em !important;\">\n\t\t\t<div class=\"col-12 col-lg-6 txt-sx txt-respo d-flex flex-column justify-content-center\">\n\t\t\t\t<h2 class=\"titoli-h2 text-left\">ISO 9001 \u2013 Quality of business processes<\/h2>\n\t\t\t\t<p class=\"p-cust text-left\">The ISO 9001 certification certifies that our internal processes are organized according to criteria of efficiency, control and continuous improvement. For nesea it means guaranteeing digital solutions designed and created with method, precision and constant attention to customer satisfaction. <\/p>\n\t\t\t<\/div>\n\t\t\t<div class=\"col-12 col-lg-6 order-first order-lg-last mb-4\">\n\t\t\t\t<img decoding=\"async\" class=\"img-industry-dx respo\" title=\"Certifications and compliance\" src=\"https:\/\/www.nesea.it\/wp-content\/uploads\/2025\/06\/ISO9001\u2013qualita-dei-processi-aziendali.jpg\" alt=\"Certificazioni e compliance\">\n\t\t\t<\/div>\n\t\t<\/div>\n\t\n\t\n\t\t<!-- fascia img-txt -->\n\t\t<div class=\"row mt-5\" style=\"margin-bottom: 4em !important;\">\n\t\t\t<div class=\"col-12 col-lg-6 mb-4\">\n\t\t\t\t<img decoding=\"async\" class=\"img-industry-sx respo\" title=\"Certifications and compliance\" src=\"https:\/\/www.nesea.it\/wp-content\/uploads\/2025\/06\/ISO14001-gestione-ambientale.jpg\" alt=\"Certificazioni e compliance\">\n\t\t\t<\/div>\n\t\t\t<div class=\"col-12 col-lg-6 txt-dx txt-respo d-flex flex-column justify-content-center\">\n\t\t\t\t<h2 class=\"titoli-h2 text-left\">ISO 14001 \u2013 Environmental Management<\/h2>\n\t\t\t\t<p class=\"p-cust text-left\">Sustainability is an integral part of our culture. With ISO 14001 we adopt a structured system to monitor, control and reduce the environmental impact of our activities. From operational choices to supplier selection, we act to reduce our impact and promote a green approach also in digital.<\/p>\n\t\t\t<\/div>\n\t\t<\/div>\n\t\t\n\t\t\n\t\t<!-- fascia txt-img -->\n\t\t<div class=\"row mt-5\" style=\"margin-bottom: 4em !important;\">\n\t\t\t<div class=\"col-12 col-lg-6 txt-sx txt-respo d-flex flex-column justify-content-center\">\n\t\t\t\t<h2 class=\"titoli-h2 text-left\">ISO 27001 \u2013 Information Security <\/h2>\n\t\t\t\t<p class=\"p-cust text-left\">Data protection is a central element in every nesea project. With ISO 27001 we apply rigorous protocols to guarantee information security, preventing unauthorized access, loss or violations. An indispensable guarantee for those who work with complex and sensitive digital infrastructures. <\/p>\n\t\t\t<\/div>\n\t\t\t<div class=\"col-12 col-lg-6 order-first order-lg-last mb-4\">\n\t\t\t\t<img decoding=\"async\" class=\"img-industry-dx respo\" title=\"Certifications and compliance\" src=\"https:\/\/www.nesea.it\/wp-content\/uploads\/2025\/06\/ISO-27001-sicurezza-delle-informazioni.jpg\" alt=\"Certificazioni e compliance\">\n\t\t\t<\/div>\n\t\t<\/div>\n\t\n\t\n\t\t<!-- fascia img-txt -->\n\t\t<div class=\"row mt-5\" style=\"margin-bottom: 4em !important;\">\n\t\t\t<div class=\"col-12 col-lg-6 mb-4\">\n\t\t\t\t<img decoding=\"async\" class=\"img-industry-sx respo\" title=\"Certifications and compliance\" src=\"https:\/\/www.nesea.it\/wp-content\/uploads\/2025\/06\/ISO37001\u2013prevenzione-della-corruzione.jpg\" alt=\"Certificazioni e compliance\">\n\t\t\t<\/div>\n\t\t\t<div class=\"col-12 col-lg-6 txt-dx txt-respo d-flex flex-column justify-content-center\">\n\t\t\t\t<h2 class=\"titoli-h2 text-left\">ISO 37001 \u2013 Prevention of Bribery<\/h2>\n\t\t\t\t<p class=\"p-cust text-left\">The ISO 37001 certification confirms our concrete commitment to preventing corruption. We have implemented an internal control system that promotes integrity, responsibility and transparency in every business area. An organizational model that strengthens governance and protects every professional relationship from potential irregularities.<\/p>\n\t\t\t<\/div>\n\t\t<\/div>\n\t\t\n\t\t\n\t\t<!-- fascia txt-img -->\n\t\t<div class=\"row mt-5\" style=\"margin-bottom: 4em !important;\">\n\t\t\t<div class=\"col-12 col-lg-6 txt-sx txt-respo d-flex flex-column justify-content-center\">\n\t\t\t\t<h2 class=\"titoli-h2 text-left\">ISO 45001 \u2013 Occupational Health and Safety <\/h2>\n\t\t\t\t<p class=\"p-cust text-left\">The health of those who work with us is our priority. With the ISO 45001 certification we adopt a structured system to guarantee safe environments, prevent risks and promote a corporate culture oriented towards the protection of people. Each collaborator is an active part of a model that puts well-being at the center.<\/p>\n\t\t\t<\/div>\n\t\t\t<div class=\"col-12 col-lg-6 order-first order-lg-last mb-4\">\n\t\t\t\t<img decoding=\"async\" class=\"img-industry-dx respo\" title=\"Certifications and compliance\" src=\"https:\/\/www.nesea.it\/wp-content\/uploads\/2025\/06\/ISO-45001-\u2013-Salute-e-sicurezza-sul-lavoro-.jpg\" alt=\"Certificazioni e compliance\">\n\t\t\t<\/div>\n\t\t<\/div>\n\t\n\t\n\t\t<!-- fascia img-txt -->\n\t\t<div class=\"row mt-5\" style=\"margin-bottom: 4em !important;\">\n\t\t\t<div class=\"col-12 col-lg-6 mb-4\">\n\t\t\t\t<img decoding=\"async\" class=\"img-industry-sx respo\" title=\"Certifications and compliance\" src=\"https:\/\/www.nesea.it\/wp-content\/uploads\/2025\/06\/PAS-24000-\u2013-Responsabilita-sociale-nella-supply-chain-.jpg\" alt=\"Certificazioni e compliance\">\n\t\t\t<\/div>\n\t\t\t<div class=\"col-12 col-lg-6 txt-dx txt-respo d-flex flex-column justify-content-center\">\n\t\t\t\t<h2 class=\"titoli-h2 text-left\">PAS 24000 \u2013 Social Responsibility in the Supply Chain<\/h2>\n\t\t\t\t<p class=\"p-cust text-left\">With PAS 24000 we adopt a management model that promotes fair working conditions, human rights, inclusion and fairness in relationships throughout the supply chain. A concrete commitment to a more ethical and sustainable business, consistent with ESG principles.<\/p>\n\t\t\t<\/div>\n\t\t<\/div>\n\t\t\n\t\t\n\t<\/div>\n\n<\/section>","protected":false},"excerpt":{"rendered":"<p>Compliance Certified compliance for quality, safety and sustainability This is why we adopt the main international standards, through certifications that guarantee process quality, information security, environmental sustainability and social commitment. This is how we integrate ESG principles into our daily work, offering reliable, ethical and inclusive digital solutions. ISO 9001 \u2013 Quality of business processes [\u2026]<\/p>","protected":false},"author":2,"featured_media":0,"parent":525,"menu_order":0,"comment_status":"closed","ping_status":"closed","template":"templates\/template_page-full-width.php","meta":{"footnotes":""},"class_list":["post-4541","page","type-page","status-publish","hentry"],"yoast_head":"<!-- This site is optimized with the Yoast SEO plugin v22.3 - https:\/\/yoast.com\/wordpress\/plugins\/seo\/ -->\n<title>nesea: Certificazioni ISO, qualit\u00e0 e compliance aziendale<\/title>\n<meta name=\"description\" content=\"Esplora le certificazioni ISO di nesea: sicurezza, qualit\u00e0, sostenibilit\u00e0 e responsabilit\u00e0 sociale per soluzioni digitali etiche e innovative\" \/>\n<meta name=\"robots\" content=\"index, follow, max-snippet:-1, max-image-preview:large, max-video-preview:-1\" \/>\n<link rel=\"canonical\" href=\"https:\/\/www.nesea.it\/en\/chi-siamo\/compliance\/\" \/>\n<meta property=\"og:locale\" content=\"en_US\" \/>\n<meta property=\"og:type\" content=\"article\" \/>\n<meta property=\"og:title\" content=\"nesea: Certificazioni ISO, qualit\u00e0 e compliance aziendale\" \/>\n<meta property=\"og:description\" content=\"Esplora le certificazioni ISO di nesea: sicurezza, qualit\u00e0, sostenibilit\u00e0 e responsabilit\u00e0 sociale per soluzioni digitali etiche e innovative\" \/>\n<meta property=\"og:url\" content=\"https:\/\/www.nesea.it\/en\/chi-siamo\/compliance\/\" \/>\n<meta property=\"og:site_name\" content=\"nesea\" \/>\n<meta property=\"article:publisher\" content=\"https:\/\/www.facebook.com\/neseaIT\" \/>\n<meta property=\"article:modified_time\" content=\"2025-06-10T09:38:40+00:00\" \/>\n<meta property=\"og:image\" content=\"https:\/\/www.nesea.it\/wp-content\/uploads\/2024\/02\/n-big-grey.png\" \/>\n<meta name=\"twitter:card\" content=\"summary_large_image\" \/>\n<meta name=\"twitter:site\" content=\"@nesea_it\" \/>\n<meta name=\"twitter:label1\" content=\"Est. reading time\" \/>\n\t<meta name=\"twitter:data1\" content=\"4 minutes\" \/>\n<script type=\"application\/ld+json\" class=\"yoast-schema-graph\">{\"@context\":\"https:\/\/schema.org\",\"@graph\":[{\"@type\":\"WebPage\",\"@id\":\"https:\/\/www.nesea.it\/chi-siamo\/compliance\/\",\"url\":\"https:\/\/www.nesea.it\/chi-siamo\/compliance\/\",\"name\":\"nesea: Certificazioni ISO, qualit\u00e0 e compliance aziendale\",\"isPartOf\":{\"@id\":\"https:\/\/www.nesea.it\/#website\"},\"primaryImageOfPage\":{\"@id\":\"https:\/\/www.nesea.it\/chi-siamo\/compliance\/#primaryimage\"},\"image\":{\"@id\":\"https:\/\/www.nesea.it\/chi-siamo\/compliance\/#primaryimage\"},\"thumbnailUrl\":\"https:\/\/www.nesea.it\/wp-content\/uploads\/2024\/02\/n-big-grey.png\",\"datePublished\":\"2025-06-10T09:38:06+00:00\",\"dateModified\":\"2025-06-10T09:38:40+00:00\",\"description\":\"Esplora le certificazioni ISO di nesea: sicurezza, qualit\u00e0, sostenibilit\u00e0 e responsabilit\u00e0 sociale per soluzioni digitali etiche e innovative\",\"breadcrumb\":{\"@id\":\"https:\/\/www.nesea.it\/chi-siamo\/compliance\/#breadcrumb\"},\"inLanguage\":\"en-US\",\"potentialAction\":[{\"@type\":\"ReadAction\",\"target\":[\"https:\/\/www.nesea.it\/chi-siamo\/compliance\/\"]}]},{\"@type\":\"ImageObject\",\"inLanguage\":\"en-US\",\"@id\":\"https:\/\/www.nesea.it\/chi-siamo\/compliance\/#primaryimage\",\"url\":\"https:\/\/www.nesea.it\/wp-content\/uploads\/2024\/02\/n-big-grey.png\",\"contentUrl\":\"https:\/\/www.nesea.it\/wp-content\/uploads\/2024\/02\/n-big-grey.png\",\"width\":624,\"height\":737},{\"@type\":\"BreadcrumbList\",\"@id\":\"https:\/\/www.nesea.it\/chi-siamo\/compliance\/#breadcrumb\",\"itemListElement\":[{\"@type\":\"ListItem\",\"position\":1,\"name\":\"Home\",\"item\":\"https:\/\/www.nesea.it\/\"},{\"@type\":\"ListItem\",\"position\":2,\"name\":\"Chi siamo\",\"item\":\"https:\/\/www.nesea.it\/chi-siamo\/\"},{\"@type\":\"ListItem\",\"position\":3,\"name\":\"Compliance\"}]},{\"@type\":\"WebSite\",\"@id\":\"https:\/\/www.nesea.it\/#website\",\"url\":\"https:\/\/www.nesea.it\/\",\"name\":\"nesea\",\"description\":\"Ascolto in azione\",\"publisher\":{\"@id\":\"https:\/\/www.nesea.it\/#organization\"},\"potentialAction\":[{\"@type\":\"SearchAction\",\"target\":{\"@type\":\"EntryPoint\",\"urlTemplate\":\"https:\/\/www.nesea.it\/?s={search_term_string}\"},\"query-input\":\"required name=search_term_string\"}],\"inLanguage\":\"en-US\"},{\"@type\":\"Organization\",\"@id\":\"https:\/\/www.nesea.it\/#organization\",\"name\":\"nesea\",\"url\":\"https:\/\/www.nesea.it\/\",\"logo\":{\"@type\":\"ImageObject\",\"inLanguage\":\"en-US\",\"@id\":\"https:\/\/www.nesea.it\/#\/schema\/logo\/image\/\",\"url\":\"https:\/\/www.nesea.it\/wp-content\/uploads\/2023\/08\/logo_209x50.png\",\"contentUrl\":\"https:\/\/www.nesea.it\/wp-content\/uploads\/2023\/08\/logo_209x50.png\",\"width\":209,\"height\":50,\"caption\":\"nesea\"},\"image\":{\"@id\":\"https:\/\/www.nesea.it\/#\/schema\/logo\/image\/\"},\"sameAs\":[\"https:\/\/www.facebook.com\/neseaIT\",\"https:\/\/twitter.com\/nesea_it\",\"https:\/\/www.linkedin.com\/company\/nesea\/\",\"https:\/\/www.instagram.com\/neseaita\",\"https:\/\/www.youtube.com\/@neseaita\"]}]}<\/script>\n<!-- \/ Yoast SEO plugin. -->","yoast_head_json":{"title":"nesea: Certificazioni ISO, qualit\u00e0 e compliance aziendale","description":"Esplora le certificazioni ISO di nesea: sicurezza, qualit\u00e0, sostenibilit\u00e0 e responsabilit\u00e0 sociale per soluzioni digitali etiche e innovative","robots":{"index":"index","follow":"follow","max-snippet":"max-snippet:-1","max-image-preview":"max-image-preview:large","max-video-preview":"max-video-preview:-1"},"canonical":"https:\/\/www.nesea.it\/en\/chi-siamo\/compliance\/","og_locale":"en_US","og_type":"article","og_title":"nesea: Certificazioni ISO, qualit\u00e0 e compliance aziendale","og_description":"Esplora le certificazioni ISO di nesea: sicurezza, qualit\u00e0, sostenibilit\u00e0 e responsabilit\u00e0 sociale per soluzioni digitali etiche e innovative","og_url":"https:\/\/www.nesea.it\/en\/chi-siamo\/compliance\/","og_site_name":"nesea","article_publisher":"https:\/\/www.facebook.com\/neseaIT","article_modified_time":"2025-06-10T09:38:40+00:00","og_image":[{"url":"https:\/\/www.nesea.it\/wp-content\/uploads\/2024\/02\/n-big-grey.png"}],"twitter_card":"summary_large_image","twitter_site":"@nesea_it","twitter_misc":{"Est. reading time":"4 minutes"},"schema":{"@context":"https:\/\/schema.org","@graph":[{"@type":"WebPage","@id":"https:\/\/www.nesea.it\/chi-siamo\/compliance\/","url":"https:\/\/www.nesea.it\/chi-siamo\/compliance\/","name":"nesea: Certificazioni ISO, qualit\u00e0 e compliance aziendale","isPartOf":{"@id":"https:\/\/www.nesea.it\/#website"},"primaryImageOfPage":{"@id":"https:\/\/www.nesea.it\/chi-siamo\/compliance\/#primaryimage"},"image":{"@id":"https:\/\/www.nesea.it\/chi-siamo\/compliance\/#primaryimage"},"thumbnailUrl":"https:\/\/www.nesea.it\/wp-content\/uploads\/2024\/02\/n-big-grey.png","datePublished":"2025-06-10T09:38:06+00:00","dateModified":"2025-06-10T09:38:40+00:00","description":"Esplora le certificazioni ISO di nesea: sicurezza, qualit\u00e0, sostenibilit\u00e0 e responsabilit\u00e0 sociale per soluzioni digitali etiche e innovative","breadcrumb":{"@id":"https:\/\/www.nesea.it\/chi-siamo\/compliance\/#breadcrumb"},"inLanguage":"en-US","potentialAction":[{"@type":"ReadAction","target":["https:\/\/www.nesea.it\/chi-siamo\/compliance\/"]}]},{"@type":"ImageObject","inLanguage":"en-US","@id":"https:\/\/www.nesea.it\/chi-siamo\/compliance\/#primaryimage","url":"https:\/\/www.nesea.it\/wp-content\/uploads\/2024\/02\/n-big-grey.png","contentUrl":"https:\/\/www.nesea.it\/wp-content\/uploads\/2024\/02\/n-big-grey.png","width":624,"height":737},{"@type":"BreadcrumbList","@id":"https:\/\/www.nesea.it\/chi-siamo\/compliance\/#breadcrumb","itemListElement":[{"@type":"ListItem","position":1,"name":"Home","item":"https:\/\/www.nesea.it\/"},{"@type":"ListItem","position":2,"name":"Chi siamo","item":"https:\/\/www.nesea.it\/chi-siamo\/"},{"@type":"ListItem","position":3,"name":"Compliance"}]},{"@type":"WebSite","@id":"https:\/\/www.nesea.it\/#website","url":"https:\/\/www.nesea.it\/","name":"nesea","description":"Ascolto in azione","publisher":{"@id":"https:\/\/www.nesea.it\/#organization"},"potentialAction":[{"@type":"SearchAction","target":{"@type":"EntryPoint","urlTemplate":"https:\/\/www.nesea.it\/?s={search_term_string}"},"query-input":"required name=search_term_string"}],"inLanguage":"en-US"},{"@type":"Organization","@id":"https:\/\/www.nesea.it\/#organization","name":"nesea","url":"https:\/\/www.nesea.it\/","logo":{"@type":"ImageObject","inLanguage":"en-US","@id":"https:\/\/www.nesea.it\/#\/schema\/logo\/image\/","url":"https:\/\/www.nesea.it\/wp-content\/uploads\/2023\/08\/logo_209x50.png","contentUrl":"https:\/\/www.nesea.it\/wp-content\/uploads\/2023\/08\/logo_209x50.png","width":209,"height":50,"caption":"nesea"},"image":{"@id":"https:\/\/www.nesea.it\/#\/schema\/logo\/image\/"},"sameAs":["https:\/\/www.facebook.com\/neseaIT","https:\/\/twitter.com\/nesea_it","https:\/\/www.linkedin.com\/company\/nesea\/","https:\/\/www.instagram.com\/neseaita","https:\/\/www.youtube.com\/@neseaita"]}]}},"_links":{"self":[{"href":"https:\/\/www.nesea.it\/en\/wp-json\/wp\/v2\/pages\/4541","targetHints":{"allow":["GET"]}}],"collection":[{"href":"https:\/\/www.nesea.it\/en\/wp-json\/wp\/v2\/pages"}],"about":[{"href":"https:\/\/www.nesea.it\/en\/wp-json\/wp\/v2\/types\/page"}],"author":[{"embeddable":true,"href":"https:\/\/www.nesea.it\/en\/wp-json\/wp\/v2\/users\/2"}],"replies":[{"embeddable":true,"href":"https:\/\/www.nesea.it\/en\/wp-json\/wp\/v2\/comments?post=4541"}],"version-history":[{"count":2,"href":"https:\/\/www.nesea.it\/en\/wp-json\/wp\/v2\/pages\/4541\/revisions"}],"predecessor-version":[{"id":4543,"href":"https:\/\/www.nesea.it\/en\/wp-json\/wp\/v2\/pages\/4541\/revisions\/4543"}],"up":[{"embeddable":true,"href":"https:\/\/www.nesea.it\/en\/wp-json\/wp\/v2\/pages\/525"}],"wp:attachment":[{"href":"https:\/\/www.nesea.it\/en\/wp-json\/wp\/v2\/media?parent=4541"}],"curies":[{"name":"wp","href":"https:\/\/api.w.org\/{rel}","templated":true}]}}