{"id":4810,"date":"2026-03-12T16:30:23","date_gmt":"2026-03-12T15:30:23","guid":{"rendered":"https:\/\/www.nesea.it\/?page_id=4810"},"modified":"2026-03-12T16:30:24","modified_gmt":"2026-03-12T15:30:24","slug":"green-tech","status":"publish","type":"page","link":"https:\/\/www.nesea.it\/en\/industry-expertise\/green-tech\/","title":{"rendered":"Green tech"},"content":{"rendered":"<!-- customize sez bread -->\n<style>\n  #breadcrumb-area {\n    background: url(https:\/\/www.nesea.it\/wp-content\/uploads\/2026\/03\/header-greentech-ok.jpg)!important;\n    background-position: 0 0!important;\n    background-size: cover!important;\n    background-repeat: no-repeat!important;    \n  }\n<\/style>\n<!-- fine customize sez bread -->\n\n<section class=\"section-padding\">\n\t<!-- testo intro -->\n\t<div class=\"container-cust custom-pad\">\n\t\t<div class=\"row\">\n\t\t\t<div class=\"col-12\">\n\t\t\t\t<h1 class=\"titoli-h1\">Green Tech Smart Solutions for strategic sustainability<\/h1>\n\t\t\t\t<!-- <p class=\"p-cust\">Il settore manifatturiero vive un cambiamento profondo: competizione globale, costi energetici crescenti e normative stringenti spingono le imprese a ripensare i propri modelli produttivi. In questo contesto, lo smart manufacturing \u00e8 la chiave per garantire efficienza, resilienza e sostenibilit\u00e0.<\/p> -->\n\t\t\t<\/div>\n\t\t<\/div>\n\t<\/div>\n\t<!-- fascia img-txt -->\n\t<div class=\"container container-full-cust industry-cont\">\n\t\t<div class=\"row mt-5 mb-5\">\n\t\t\t<div class=\"col-12 col-lg-6\">\n\t\t\t\t<img decoding=\"async\" title=\"Industry expertise - Green tech\" src=\"https:\/\/www.nesea.it\/wp-content\/uploads\/2026\/03\/Green-Tech-Smart-Solutions-1.jpg\" alt=\"Industry expertise - Green tech\">\n\t\t\t<\/div>\n\t\t\t<div class=\"col-12 col-lg-6 txt-dx-subpage-dx d-flex flex-column justify-content-center align-items-start\">\n\t\t\t\t<!-- <h2 class=\"titoli-h2 \">Smart Factory 4.0: la risposta concreta alla trasformazione digitale<\/h2> -->\n\t\t\t\t<p class=\"p-cust text-left\">The sustainable transition requires much more than the simple adoption of new technologies. It requires integration, vision, and the ability to transform environmental data into strategic decisions. <span class=\"titoli-grassetto\">green tech smart solutions<\/span> At nesea, we combine AI, IoT, cloud, and automation to make sustainability measurable, scalable, and results-driven. We don&#039;t sell technology. We design digital architectures that transform sustainability into a competitive advantage.<\/p>\n\t\t\t<\/div>\n\t\t<\/div>\n\t\t<div class=\"row mt-5 mb-5\">\n\t\t\t<div class=\"col-12 col-lg-6 txt-dx-subpage-sx d-flex flex-column justify-content-center align-items-start\">\n\t\t\t\t<h2 class=\"titoli-h2\">Our approach to Green Tech<\/h2>\n\t\t\t\t<p class=\"p-cust text-left mb-2\">As a Solution Factory, nesea always starts with active listening and an in-depth analysis of business processes to design truly integrated, results-oriented green tech solutions. Our platforms do more than just monitor: they collect environmental data in real time, communicate with existing company systems, transform information into predictive insights using artificial intelligence, and automate ESG reporting and regulatory compliance processes. In this way, sustainability goes beyond a stated objective, becoming a governable, measurable digital system that is fully integrated into the company&#039;s strategy.\n<\/p>\n\t\t\t\t\n\t\t\t<\/div>\n\t\t\t<div class=\"col-12 col-lg-6\">\n\t\t\t\t<img decoding=\"async\" title=\"Industry expertise - Green tech\" src=\"https:\/\/www.nesea.it\/wp-content\/uploads\/2026\/03\/Green-Tech-2.jpg\" alt=\"Industry expertise - Green tech\">\n\t\t\t<\/div>\n\t\t\t\n\t\t<\/div>\n\t<\/div>\n\t\n\t<!-- testo 3 blocchi -->\n\t<div class=\"container-cust custom-pad solution-cont\" style=\"background: #f7f7f7;\">\n\n\t\t<div class=\"row\">\n\t\t\t<div class=\"col-12 pt-5\">\n\t\t\t\t<h2 class=\"titoli-h2\">Where our Green Tech Smart Solutions generate value<\/h2>\n\t\t\t\t<p class=\"p-cust\">Our Green Tech Smart Solutions generate concrete value in contexts where sustainability, operational efficiency, and digital innovation must be integrated in a measurable and scalable way.<\/p>\n\t\t\t<\/div>\n\t\t<\/div>\n\t\t<div class=\"row\">\n\t\t\t<div class=\"col-12 col-md-12 col-lg-4 mb-5\">\n\t\t\t\t<div class=\"d-flex flex-column beneficio-block\">\n\t\t\t\t\t<div>\n\t\t\t\t\t  <img decoding=\"async\" title=\"Green\" src=\"https:\/\/www.nesea.it\/wp-content\/uploads\/2026\/03\/green-tech-agricoltura-intelligente-\u2013-Smart-Grape.jpg\" alt=\"Smart Construction e Digital Building Management\">\n\t\t\t\t\t<\/div>\n\t\t\t\t\t<div>\n\t\t\t\t\t\t<h2 class=\"titoli-h2 mt-4\"><span class=\"h5\">Smart agriculture<\/span><br>Smart Grape<\/h2>\n\t\t\t\t\t<\/div>\n\t\t\t\t\t<div>\n\t\t\t\t\t\t<p class=\"p-cust pr-5\" style=\"min-height: 128px;\">Smart Grape brings Agriculture 4.0 to table grape cultivation, integrating IoT and AI to monitor soil and microclimate and support predictive decisions on irrigation and fertilization.<\/p>\n\t\t\t\t\t<\/div>\n\n\t\t\t\t\t<div>\n\t\t\t\t\t\t<p class=\"p-cust\"><a class=\"boxed-btn w-auto h-auto\" style=\"margin-top: 0;\" href=\"https:\/\/www.nesea.it\/en\/smart-solutions\/innovation-in-action\/smart-grape\/\">Find out more<\/a><\/p>\n\t\t\t\t\t<\/div>\n\t\t\t\t<\/div>\n\t\t\t<\/div>\n\t\t\t<div class=\"col-12 col-md-12 col-lg-4 mb-5\">\n\t\t\t\t<div class=\"d-flex flex-column beneficio-block\">\n\t\t\t\t\t<div>\n\t\t\t\t\t  <img decoding=\"async\" title=\"Green\" src=\"https:\/\/www.nesea.it\/wp-content\/uploads\/2026\/03\/green-tech-BIOUAV.jpg\" alt=\"Smart Construction e Digital Building Management\">\n\t\t\t\t\t<\/div>\n\t\t\t\t\t<div>\n\t\t\t\t\t\t<h2 class=\"titoli-h2 mt-4\"><span class=\"h5\">Biodiversity<\/span><br>BIOUAV <\/h2>\n\t\t\t\t\t<\/div>\n\t\t\t\t\t<div>\n\t\t\t\t\t\t<p class=\"p-cust pr-5\" style=\"min-height: 128px;\">With BIOUAV, drones, environmental sensors, and artificial intelligence work together to monitor ecosystems and improve sustainable land management.<\/p>\n\t\t\t\t\t<\/div>\n\t\t\t\t\t<div>\n\t\t\t\t\t\t<p class=\"p-cust\"><a class=\"boxed-btn w-auto h-auto\" style=\"margin-top: 0;\" href=\"https:\/\/www.nesea.it\/en\/smart-solutions\/innovation-in-action\/biouav\/\">Find out more<\/a><\/p>\n\t\t\t\t\t<\/div>\n\t\t\t\t<\/div>\n\t\t\t<\/div>\n\t\t\t<div class=\"col-12 col-md-12 col-lg-4 mb-5\">\n\t\t\t\t<div class=\"d-flex flex-column beneficio-block\">\n\t\t\t\t\t<div>\n\t\t\t\t\t  <img decoding=\"async\" title=\"Green\" src=\"https:\/\/www.nesea.it\/wp-content\/uploads\/2026\/03\/green-tech-smart-waste-sorting.jpg\" alt=\"Smart Construction e Digital Building Management\">\n\t\t\t\t\t<\/div>\n\t\t\t\t\t<div>\n\t\t\t\t\t\t<h2 class=\"titoli-h2 mt-4\"><span class=\"h5\">Waste management<\/span><br>Smart Waste Sorting<\/h2>\n\t\t\t\t\t<\/div>\n\t\t\t\t\t<div>\n\t\t\t\t\t\t<p class=\"p-cust pr-5\" style=\"min-height: 128px;\">Smart technology to improve waste classification and recovery. Greater efficiency, greater traceability, less waste.<\/p>\n\t\t\t\t\t<\/div>\n\t\t\t\t\t<div>\n\t\t\t\t\t\t<p class=\"p-cust\"><a class=\"boxed-btn w-auto h-auto\" style=\"margin-top: 0;\" href=\"https:\/\/www.nesea.it\/en\/smart-solutions\/innovation-in-action\/smart-waste-management\/\">Find out more <\/a><\/p>\n\t\t\t\t\t<\/div>\n\t\t\t\t<\/div>\n\t\t\t<\/div>\n\n\n\t\t<\/div>\n\t\t\n\t<\/div>\n\t\n\t<!-- fascia contatti -->\n\t<div class=\"container-cust custom-pad mt-5\">\n\t\t<div class=\"row\">\n\t\t\t<div class=\"col-12 mt-5 mb-5\">\n\t\t\t\t<!-- <h3 class=\"titoli-h2\">Inizia oggi il tuo percorso verso l\u2019Industria 4.0.<\/h3> -->\n\t\t\t\t<p class=\"p-cust\">With our green tech smart solutions, you can reduce waste and operating costs, improve efficiency and resilience, ensure traceability and regulatory compliance, and transform sustainability into a concrete competitive advantage.<\/p>\n\t\t\t\t<p class=\"p-cust\"><a href=\"https:\/\/www.nesea.it\/en\/contatti\/\" class=\"boxed-btn boxed-secondary boxed-secondary-color mb-2 mr-2\" style=\"margin-top:0;\">Contact us<\/a><\/p>\n\t\t\t\t\n\t\t\t<\/div>\n\t\t<\/div>\n\t<\/div>\n\t\n\t\n<\/section>\n\n<section id=\"casehistory\" class=\"automotive section-padding custom-pad\">\n\t<div class=\"row pt-5 pb-5\">\n\t\t<div class=\"col-0 col-lg-3\"><\/div>\n\t\t<div class=\"col-12 col-lg-6\">\n\t\t\t<div class=\"d-flex align-items-center justify-content-center mb-5\">\n\t\t\t\t<h4 class=\"titoli-home\" style=\"color: #fff;\">Houses<\/h4>\n\t\t\t\t<h4 class=\"titoli-home-bay\" style=\"color: #fff;\">History<\/h4>\n\t\t\t<\/div>\n\t\t\t<p><img class=\"img-case-history\" decoding=\"async\" title=\"Industry expertise - Automotive - Case history\" src=\"https:\/\/devwww.nesea.it\/wp_1\/wp-content\/uploads\/2024\/03\/logo-azienda.png\" alt=\"Industry expertise - Automotive - Case history\">\n\t\t\t<\/p>\n\t\t\t<p class=\"p-cust text-left text-white desc-case\">Lorem ipsum pain sit amet, consectetur adipiscing elit, sed do eiusmod tempor incididunt ut labore et pain magna aliqua. Ut enim ad minim veniam, quis nostrud exercitation ullamco laboris nisi ut aliquip ex ea commodo consequat.<\/p>\n\t\t\t<p class=\"\"><a href=\"\" role=\"button\" class=\"btn-cliente btn-case w-25\">Read more<\/a><\/p><\/div>\n\t\t<div class=\"col-0 col-lg-3\"><\/div>\n\t<\/div>\n<\/section>","protected":false},"excerpt":{"rendered":"<p>Green Tech Smart Solutions per una sostenibilit\u00e0 strategica La transizione sostenibile richiede molto pi\u00f9 della semplice adozione di nuove tecnologie. Richiede integrazione, visione e capacit\u00e0 di trasformare i dati ambientali in decisioni strategiche. Le green tech smart solutions di nesea uniscono AI, IoT, cloud e automazione per rendere la sostenibilit\u00e0 misurabile, scalabile e orientata ai [&hellip;]<\/p>","protected":false},"author":2,"featured_media":0,"parent":528,"menu_order":0,"comment_status":"closed","ping_status":"closed","template":"templates\/template_page-full-width.php","meta":{"footnotes":""},"class_list":["post-4810","page","type-page","status-publish","hentry"],"yoast_head":"<!-- This site is optimized with the Yoast SEO plugin v22.3 - https:\/\/yoast.com\/wordpress\/plugins\/seo\/ -->\n<title>Green Tech Solutions | Innovazione sostenibile per biodiversit\u00e0 agricoltura e rifiuti<\/title>\n<meta name=\"description\" content=\"Soluzioni green tech per biodiversit\u00e0, agricoltura intelligente e gestione rifiuti. Con nesea la sostenibilit\u00e0 diventa strategia misurabile\" \/>\n<meta name=\"robots\" content=\"index, follow, max-snippet:-1, max-image-preview:large, max-video-preview:-1\" \/>\n<link rel=\"canonical\" href=\"https:\/\/www.nesea.it\/en\/industry-expertise\/green-tech\/\" \/>\n<meta property=\"og:locale\" content=\"en_US\" \/>\n<meta property=\"og:type\" content=\"article\" \/>\n<meta property=\"og:title\" content=\"Green Tech Solutions | Innovazione sostenibile per biodiversit\u00e0 agricoltura e rifiuti\" \/>\n<meta property=\"og:description\" content=\"Soluzioni green tech per biodiversit\u00e0, agricoltura intelligente e gestione rifiuti. Con nesea la sostenibilit\u00e0 diventa strategia misurabile\" \/>\n<meta property=\"og:url\" content=\"https:\/\/www.nesea.it\/en\/industry-expertise\/green-tech\/\" \/>\n<meta property=\"og:site_name\" content=\"nesea\" \/>\n<meta property=\"article:publisher\" content=\"https:\/\/www.facebook.com\/neseaIT\" \/>\n<meta property=\"article:modified_time\" content=\"2026-03-12T15:30:24+00:00\" \/>\n<meta property=\"og:image\" content=\"https:\/\/www.nesea.it\/wp-content\/uploads\/2026\/03\/Green-Tech-Smart-Solutions-1.jpg\" \/>\n<meta name=\"twitter:card\" content=\"summary_large_image\" \/>\n<meta name=\"twitter:site\" content=\"@nesea_it\" \/>\n<meta name=\"twitter:label1\" content=\"Est. reading time\" \/>\n\t<meta name=\"twitter:data1\" content=\"4 minutes\" \/>\n<script type=\"application\/ld+json\" class=\"yoast-schema-graph\">{\"@context\":\"https:\/\/schema.org\",\"@graph\":[{\"@type\":\"WebPage\",\"@id\":\"https:\/\/www.nesea.it\/industry-expertise\/green-tech\/\",\"url\":\"https:\/\/www.nesea.it\/industry-expertise\/green-tech\/\",\"name\":\"Green Tech Solutions | Innovazione sostenibile per biodiversit\u00e0 agricoltura e rifiuti\",\"isPartOf\":{\"@id\":\"https:\/\/www.nesea.it\/#website\"},\"primaryImageOfPage\":{\"@id\":\"https:\/\/www.nesea.it\/industry-expertise\/green-tech\/#primaryimage\"},\"image\":{\"@id\":\"https:\/\/www.nesea.it\/industry-expertise\/green-tech\/#primaryimage\"},\"thumbnailUrl\":\"https:\/\/www.nesea.it\/wp-content\/uploads\/2026\/03\/Green-Tech-Smart-Solutions-1.jpg\",\"datePublished\":\"2026-03-12T15:30:23+00:00\",\"dateModified\":\"2026-03-12T15:30:24+00:00\",\"description\":\"Soluzioni green tech per biodiversit\u00e0, agricoltura intelligente e gestione rifiuti. Con nesea la sostenibilit\u00e0 diventa strategia misurabile\",\"breadcrumb\":{\"@id\":\"https:\/\/www.nesea.it\/industry-expertise\/green-tech\/#breadcrumb\"},\"inLanguage\":\"en-US\",\"potentialAction\":[{\"@type\":\"ReadAction\",\"target\":[\"https:\/\/www.nesea.it\/industry-expertise\/green-tech\/\"]}]},{\"@type\":\"ImageObject\",\"inLanguage\":\"en-US\",\"@id\":\"https:\/\/www.nesea.it\/industry-expertise\/green-tech\/#primaryimage\",\"url\":\"https:\/\/www.nesea.it\/wp-content\/uploads\/2026\/03\/Green-Tech-Smart-Solutions-1.jpg\",\"contentUrl\":\"https:\/\/www.nesea.it\/wp-content\/uploads\/2026\/03\/Green-Tech-Smart-Solutions-1.jpg\",\"width\":952,\"height\":439},{\"@type\":\"BreadcrumbList\",\"@id\":\"https:\/\/www.nesea.it\/industry-expertise\/green-tech\/#breadcrumb\",\"itemListElement\":[{\"@type\":\"ListItem\",\"position\":1,\"name\":\"Home\",\"item\":\"https:\/\/www.nesea.it\/\"},{\"@type\":\"ListItem\",\"position\":2,\"name\":\"Industry expertise\",\"item\":\"https:\/\/www.nesea.it\/industry-expertise\/\"},{\"@type\":\"ListItem\",\"position\":3,\"name\":\"Green tech\"}]},{\"@type\":\"WebSite\",\"@id\":\"https:\/\/www.nesea.it\/#website\",\"url\":\"https:\/\/www.nesea.it\/\",\"name\":\"nesea\",\"description\":\"Ascolto in azione\",\"publisher\":{\"@id\":\"https:\/\/www.nesea.it\/#organization\"},\"potentialAction\":[{\"@type\":\"SearchAction\",\"target\":{\"@type\":\"EntryPoint\",\"urlTemplate\":\"https:\/\/www.nesea.it\/?s={search_term_string}\"},\"query-input\":\"required name=search_term_string\"}],\"inLanguage\":\"en-US\"},{\"@type\":\"Organization\",\"@id\":\"https:\/\/www.nesea.it\/#organization\",\"name\":\"nesea\",\"url\":\"https:\/\/www.nesea.it\/\",\"logo\":{\"@type\":\"ImageObject\",\"inLanguage\":\"en-US\",\"@id\":\"https:\/\/www.nesea.it\/#\/schema\/logo\/image\/\",\"url\":\"https:\/\/www.nesea.it\/wp-content\/uploads\/2023\/08\/logo_209x50.png\",\"contentUrl\":\"https:\/\/www.nesea.it\/wp-content\/uploads\/2023\/08\/logo_209x50.png\",\"width\":209,\"height\":50,\"caption\":\"nesea\"},\"image\":{\"@id\":\"https:\/\/www.nesea.it\/#\/schema\/logo\/image\/\"},\"sameAs\":[\"https:\/\/www.facebook.com\/neseaIT\",\"https:\/\/twitter.com\/nesea_it\",\"https:\/\/www.linkedin.com\/company\/nesea\/\",\"https:\/\/www.instagram.com\/neseaita\",\"https:\/\/www.youtube.com\/@neseaita\"]}]}<\/script>\n<!-- \/ Yoast SEO plugin. -->","yoast_head_json":{"title":"Green Tech Solutions | Innovazione sostenibile per biodiversit\u00e0 agricoltura e rifiuti","description":"Soluzioni green tech per biodiversit\u00e0, agricoltura intelligente e gestione rifiuti. Con nesea la sostenibilit\u00e0 diventa strategia misurabile","robots":{"index":"index","follow":"follow","max-snippet":"max-snippet:-1","max-image-preview":"max-image-preview:large","max-video-preview":"max-video-preview:-1"},"canonical":"https:\/\/www.nesea.it\/en\/industry-expertise\/green-tech\/","og_locale":"en_US","og_type":"article","og_title":"Green Tech Solutions | Innovazione sostenibile per biodiversit\u00e0 agricoltura e rifiuti","og_description":"Soluzioni green tech per biodiversit\u00e0, agricoltura intelligente e gestione rifiuti. Con nesea la sostenibilit\u00e0 diventa strategia misurabile","og_url":"https:\/\/www.nesea.it\/en\/industry-expertise\/green-tech\/","og_site_name":"nesea","article_publisher":"https:\/\/www.facebook.com\/neseaIT","article_modified_time":"2026-03-12T15:30:24+00:00","og_image":[{"url":"https:\/\/www.nesea.it\/wp-content\/uploads\/2026\/03\/Green-Tech-Smart-Solutions-1.jpg"}],"twitter_card":"summary_large_image","twitter_site":"@nesea_it","twitter_misc":{"Est. reading time":"4 minutes"},"schema":{"@context":"https:\/\/schema.org","@graph":[{"@type":"WebPage","@id":"https:\/\/www.nesea.it\/industry-expertise\/green-tech\/","url":"https:\/\/www.nesea.it\/industry-expertise\/green-tech\/","name":"Green Tech Solutions | Innovazione sostenibile per biodiversit\u00e0 agricoltura e rifiuti","isPartOf":{"@id":"https:\/\/www.nesea.it\/#website"},"primaryImageOfPage":{"@id":"https:\/\/www.nesea.it\/industry-expertise\/green-tech\/#primaryimage"},"image":{"@id":"https:\/\/www.nesea.it\/industry-expertise\/green-tech\/#primaryimage"},"thumbnailUrl":"https:\/\/www.nesea.it\/wp-content\/uploads\/2026\/03\/Green-Tech-Smart-Solutions-1.jpg","datePublished":"2026-03-12T15:30:23+00:00","dateModified":"2026-03-12T15:30:24+00:00","description":"Soluzioni green tech per biodiversit\u00e0, agricoltura intelligente e gestione rifiuti. Con nesea la sostenibilit\u00e0 diventa strategia misurabile","breadcrumb":{"@id":"https:\/\/www.nesea.it\/industry-expertise\/green-tech\/#breadcrumb"},"inLanguage":"en-US","potentialAction":[{"@type":"ReadAction","target":["https:\/\/www.nesea.it\/industry-expertise\/green-tech\/"]}]},{"@type":"ImageObject","inLanguage":"en-US","@id":"https:\/\/www.nesea.it\/industry-expertise\/green-tech\/#primaryimage","url":"https:\/\/www.nesea.it\/wp-content\/uploads\/2026\/03\/Green-Tech-Smart-Solutions-1.jpg","contentUrl":"https:\/\/www.nesea.it\/wp-content\/uploads\/2026\/03\/Green-Tech-Smart-Solutions-1.jpg","width":952,"height":439},{"@type":"BreadcrumbList","@id":"https:\/\/www.nesea.it\/industry-expertise\/green-tech\/#breadcrumb","itemListElement":[{"@type":"ListItem","position":1,"name":"Home","item":"https:\/\/www.nesea.it\/"},{"@type":"ListItem","position":2,"name":"Industry expertise","item":"https:\/\/www.nesea.it\/industry-expertise\/"},{"@type":"ListItem","position":3,"name":"Green tech"}]},{"@type":"WebSite","@id":"https:\/\/www.nesea.it\/#website","url":"https:\/\/www.nesea.it\/","name":"nesea","description":"Ascolto in azione","publisher":{"@id":"https:\/\/www.nesea.it\/#organization"},"potentialAction":[{"@type":"SearchAction","target":{"@type":"EntryPoint","urlTemplate":"https:\/\/www.nesea.it\/?s={search_term_string}"},"query-input":"required name=search_term_string"}],"inLanguage":"en-US"},{"@type":"Organization","@id":"https:\/\/www.nesea.it\/#organization","name":"nesea","url":"https:\/\/www.nesea.it\/","logo":{"@type":"ImageObject","inLanguage":"en-US","@id":"https:\/\/www.nesea.it\/#\/schema\/logo\/image\/","url":"https:\/\/www.nesea.it\/wp-content\/uploads\/2023\/08\/logo_209x50.png","contentUrl":"https:\/\/www.nesea.it\/wp-content\/uploads\/2023\/08\/logo_209x50.png","width":209,"height":50,"caption":"nesea"},"image":{"@id":"https:\/\/www.nesea.it\/#\/schema\/logo\/image\/"},"sameAs":["https:\/\/www.facebook.com\/neseaIT","https:\/\/twitter.com\/nesea_it","https:\/\/www.linkedin.com\/company\/nesea\/","https:\/\/www.instagram.com\/neseaita","https:\/\/www.youtube.com\/@neseaita"]}]}},"_links":{"self":[{"href":"https:\/\/www.nesea.it\/en\/wp-json\/wp\/v2\/pages\/4810","targetHints":{"allow":["GET"]}}],"collection":[{"href":"https:\/\/www.nesea.it\/en\/wp-json\/wp\/v2\/pages"}],"about":[{"href":"https:\/\/www.nesea.it\/en\/wp-json\/wp\/v2\/types\/page"}],"author":[{"embeddable":true,"href":"https:\/\/www.nesea.it\/en\/wp-json\/wp\/v2\/users\/2"}],"replies":[{"embeddable":true,"href":"https:\/\/www.nesea.it\/en\/wp-json\/wp\/v2\/comments?post=4810"}],"version-history":[{"count":1,"href":"https:\/\/www.nesea.it\/en\/wp-json\/wp\/v2\/pages\/4810\/revisions"}],"predecessor-version":[{"id":4811,"href":"https:\/\/www.nesea.it\/en\/wp-json\/wp\/v2\/pages\/4810\/revisions\/4811"}],"up":[{"embeddable":true,"href":"https:\/\/www.nesea.it\/en\/wp-json\/wp\/v2\/pages\/528"}],"wp:attachment":[{"href":"https:\/\/www.nesea.it\/en\/wp-json\/wp\/v2\/media?parent=4810"}],"curies":[{"name":"wp","href":"https:\/\/api.w.org\/{rel}","templated":true}]}}