{"id":5100,"date":"2026-04-15T11:58:42","date_gmt":"2026-04-15T09:58:42","guid":{"rendered":"https:\/\/www.nesea.it\/?page_id=5100"},"modified":"2026-04-21T09:59:34","modified_gmt":"2026-04-21T07:59:34","slug":"aem-cloud-migration-modernizzazione-infrastruttura-digitale","status":"publish","type":"page","link":"https:\/\/www.nesea.it\/en\/case-study-digital-transformation\/aem-cloud-migration-modernizzazione-infrastruttura-digitale\/","title":{"rendered":"Aem cloud migration modernizzazione infrastruttura digitale"},"content":{"rendered":"<!-- customize sez bread -->\n<style>\n  #breadcrumb-area {\n    background: url(https:\/\/www.nesea.it\/wp-content\/uploads\/2026\/04\/ferrari-header.jpg)!important;\n    background-position: 0 0!important;\n    background-size: contain!important;\n    background-repeat: no-repeat!important;    \n  }\n<\/style>\n<!-- fine customize sez bread -->\n\n<section class=\"section-padding pb-2 pb-lg-0\">\n\t<!-- Testo apertura -->\n\t<div class=\"container-cust txt-apertura\" style=\"margin-top: 2em !important; margin-bottom: 4em;\">\n\t\t<div class=\"row\">\n\t\t\t<div class=\"col-12 col-lg-6 d-flex justify-content-center\">\n\t\t\t\t<img decoding=\"async\" title=\"Green\" src=\"https:\/\/www.nesea.it\/wp-content\/uploads\/2024\/02\/n-big-grey.png\" alt=\"Green\" style=\"height: 70%;\">\n\t\t\t\t<div class=\"d-flex justify-content-center align-items-center txt-inclinato\">\n\t\t\t\t\t<h2 class=\"titoli-h1-bay\">Experience<\/h2>\n\t\t\t\t<\/div>\n\t\t\t<\/div>\n\t\t\t<div class=\"col-12 col-lg-6\">\n\t\t\t\t<h1 class=\"titoli-h1\">AEM cloud migration per brand luxury: performance e scalabilit\u00e0<\/h1>\n\t\t\t\t<p class=\"p-cust\">Un brand luxury globale del settore automotive affrontava un ecosistema digitale frammentato, con limiti in termini di performance, governance e scalabilit\u00e0. nesea ha guidato una AEM cloud migration completa, integrando piattaforme e modernizzando l\u2019intera infrastruttura.\n\t\t\t\t\tRisultato: ecosistema digitale unificato, maggiore velocit\u00e0 di rilascio e base tecnologica pronta per l\u2019innovazione futura\n\t\t\t\t<\/p>\n\t\t\t<\/div>\n\t\t<\/div>\n\t<\/div>\n\t\n\t<!-- contenuti txt+img -->\n\t<div class=\"container container-full-cust\">\n\t\t<!-- txt+img -->\n\t\t<div class=\"row pt-5 mt-5 mb-5\">\n\t\t\t<div class=\"col-12 col-lg-6 txt-dx smart order-last order-lg-first d-flex flex-column justify-content-center\">\n\t\t\t\t<h2 class=\"titoli-h2 text-left\">Sfida: modernizzazione infrastruttura digitale in un contesto luxury<\/h2>\n\t\t\t\t<p class=\"p-cust text-left\">Nel settore automotive luxury, l\u2019esperienza digitale deve riflettere l\u2019eccellenza del prodotto. Tuttavia, il brand operava su un ecosistema frammentato: AEM Cloud conviveva con un CMS legacy, generando inefficienze operative, mancanza di uniformit\u00e0 nell\u2019esperienza utente e difficolt\u00e0 nella gestione dei touchpoint globali.<br><br>Un elevato debito tecnico \u2014 con oltre 900 segnalazioni Sonar \u2014 e la mancanza di integrazione tra web, app e intranet limitavano qualit\u00e0, governance e scalabilit\u00e0.<br><br>In questo scenario, la modernizzazione dell\u2019infrastruttura digitale \u00e8 diventata una priorit\u00e0 strategica.<\/p>\n\t\t\t<\/div>\n\t\t\t<div class=\"col-12 col-lg-6 order-first order-lg-last\">\n\t\t\t\t<img decoding=\"async\" title=\"Case Studies\" src=\"https:\/\/www.nesea.it\/wp-content\/uploads\/2026\/04\/ferrari-immagine-1.jpg\" alt=\"Case Studies\" class=\"float-right\">\n\t\t\t<\/div>\n\t\t<\/div>\n\t\t\n\t\t<!-- img+txt -->\n\t\t<div class=\"row mt-5 pt-5\">\n\t\t\t<div class=\"col-12 col-lg-6\">\n\t\t\t\t<img decoding=\"async\" title=\"Case Studies\" src=\"https:\/\/www.nesea.it\/wp-content\/uploads\/2026\/04\/ferrari-immagine-2.jpg\" alt=\"Case Studies\">\n\t\t\t<\/div>\n\t\t\t<div class=\"col-12 col-lg-6 txt-sx smart d-flex flex-column justify-content-center\">\n\t\t\t\t<h2 class=\"titoli-h2\">Soluzione: AEM cloud migration e modernizzazione infrastruttura digitale<\/h2>\n\t\t\t\t<p class=\"p-cust\">Per rispondere alle sfide di un ecosistema digitale complesso e ad alte prestazioni, nesea ha progettato un intervento strutturato di AEM cloud migration, con l\u2019obiettivo di unificare piattaforme, contenuti e servizi all\u2019interno di un\u2019unica architettura scalabile.<br><br>L\u2019intervento ha portato alla costruzione di una piattaforma basata su Adobe Experience Manager as a Cloud Service, capace di gestire in modo integrato sito web, applicazioni e ambienti interni, garantendo coerenza, performance e governance centralizzata.<br><br>Questa modernizzazione infrastruttura digitale ha permesso di superare la frammentazione esistente, migliorare la qualit\u00e0 del codice e abilitare un ecosistema multicanale flessibile, pronto a supportare evoluzioni future e nuovi modelli di esperienza digitale.<\/p>\n\t\t\t<\/div>\n\t\t<\/div>\n\n\t<\/div>\n\t\n\t<!-- elementi -->\n\t<div class=\"container-cust mt-5\" style=\"background: #f7f7f7;\">\n\t\t<div class=\"row mt-5\">\n\t\t\t<div class=\"col-12 padding-new pt-0 pb-2\">\n\t\t\t\t<h3 class=\"titoli-h1 text-center\">Elementi chiave della soluzione AEM cloud migration<\/h3>\n\t\t\t<\/div>\n\t\t<\/div>\n\t\t\n\t\t\n\t\t\t<div class=\"d-flex flex-row justify-content-around flex-wrap\">\n\t\t\t\n\t\t\t\t<div class=\"d-flex flex-column beneficio-block mb-4 align-items-center\" style=\"width: 400px;\">\n\t\t\t\t\t<div style=\"height: 115px;\">\n\t\t\t\t\t  <img decoding=\"async\" alt=\"Customer\" src=\"https:\/\/www.nesea.it\/wp-content\/uploads\/2026\/04\/icon_\u2022-Migrazione-ad-AEM-Cloud-AEMaaCS.png\">\n\t\t\t\t\t<\/div>\n\t\t\t\t\t<div>\n\t\t\t\t\t\t<h2 class=\"titoli-h2 mt-4 text-center\" style=\"min-height: 60px;\">Migrazione ad AEM Cloud (AEMaaCS)<\/h2>\n\t\t\t\t\t<\/div>\n\t\t\t\t\t<div>\n\t\t\t\t\t\t<p class=\"p-cust text-center\" style=\"min-height: 80px; width: 240px;\">Consolidamento dell\u2019intero ecosistema su Adobe Experience Manager Cloud per garantire scalabilit\u00e0, continuit\u00e0 operativa e gestione centralizzata dei contenuti.<\/p>\n\t\t\t\t\t<\/div>\n\t\t\t\t<\/div>\n\t\t\t\t\n\t\t\t\t<div class=\"d-flex flex-column beneficio-block mb-4 align-items-center\" style=\"width: 400px;\">\n\t\t\t\t\t<div style=\"height: 115px;\">\n\t\t\t\t\t  <img decoding=\"async\" alt=\"Customer\" src=\"https:\/\/www.nesea.it\/wp-content\/uploads\/2026\/04\/icon_\u2022-Integrazione-multicanale-piattaforma-digitale.png\">\n\t\t\t\t\t<\/div>\n\t\t\t\t\t<div>\n\t\t\t\t\t\t<h2 class=\"titoli-h2 mt-4 text-center\" style=\"min-height: 60px;\">Integrazione multicanale piattaforma digitale<\/h2>\n\t\t\t\t\t<\/div>\n\t\t\t\t\t<div>\n\t\t\t\t\t\t<p class=\"p-cust text-center\" style=\"min-height: 80px; width: 240px;\">Unificazione di sito web, intranet e applicazioni mobile in un\u2019unica architettura per assicurare coerenza e controllo su tutti i touchpoint.<\/p>\n\t\t\t\t\t<\/div>\n\t\t\t\t<\/div>\n\t\t\t\t\n\t\t\t\t<div class=\"d-flex flex-column beneficio-block mb-4 align-items-center\" style=\"width: 400px;\">\n\t\t\t\t\t<div style=\"height: 115px;\">\n\t\t\t\t\t  <img decoding=\"async\" alt=\"Customer\" src=\"https:\/\/www.nesea.it\/wp-content\/uploads\/2026\/04\/icon_\u2022-Architettura-ibrida-Headless-Headful.png\">\n\t\t\t\t\t<\/div>\n\t\t\t\t\t<div>\n\t\t\t\t\t\t<h2 class=\"titoli-h2 mt-4 text-center\" style=\"min-height: 60px;\">Architettura ibrida Headless + Headful<\/h2>\n\t\t\t\t\t<\/div>\n\t\t\t\t\t<div>\n\t\t\t\t\t\t<p class=\"p-cust text-center\" style=\"min-height: 80px; width: 240px;\">Implementazione di un modello flessibile che consente di gestire contenuti editoriali e applicazioni dinamiche nello stesso ecosistema digitale.<\/p>\n\t\t\t\t\t<\/div>\n\t\t\t\t<\/div>\n\t\t\t\t\n\t\t\t\t<div class=\"d-flex flex-column beneficio-block mb-4 align-items-center\" style=\"width: 400px;\">\n\t\t\t\t\t<div style=\"height: 115px;\">\n\t\t\t\t\t  <img decoding=\"async\" alt=\"Customer\" src=\"https:\/\/www.nesea.it\/wp-content\/uploads\/2026\/04\/icon_\u2022-Modernizzazione-stack-tecnologico-Java-21-Node-22.png\">\n\t\t\t\t\t<\/div>\n\t\t\t\t\t<div>\n\t\t\t\t\t\t<h2 class=\"titoli-h2 mt-4 text-center\" style=\"min-height: 60px;\">Modernizzazione stack tecnologico (Java 21, Node 22)<\/h2>\n\t\t\t\t\t<\/div>\n\t\t\t\t\t<div>\n\t\t\t\t\t\t<p class=\"p-cust text-center\" style=\"min-height: 80px; width: 240px;\">Aggiornamento completo delle tecnologie per migliorare performance, sicurezza e capacit\u00e0 di evoluzione della piattaforma<\/p>\n\t\t\t\t\t<\/div>\n\t\t\t\t<\/div>\n\t\t\t\t\n\t\t\t\t<div class=\"d-flex flex-column beneficio-block mb-4 align-items-center\" style=\"width: 400px;\">\n\t\t\t\t\t<div style=\"height: 115px;\">\n\t\t\t\t\t  <img decoding=\"async\" alt=\"Customer\" src=\"https:\/\/www.nesea.it\/wp-content\/uploads\/2026\/04\/icon_\u2022-Refactoring-e-ottimizzazione-della-codebase.png\">\n\t\t\t\t\t<\/div>\n\t\t\t\t\t<div>\n\t\t\t\t\t\t<h2 class=\"titoli-h2 mt-4 text-center\" style=\"min-height: 60px;\">Refactoring e ottimizzazione della codebase<\/h2>\n\t\t\t\t\t<\/div>\n\t\t\t\t\t<div>\n\t\t\t\t\t\t<p class=\"p-cust text-center\" style=\"min-height: 80px; width: 240px;\">Risoluzione di oltre 900 issue Sonar per aumentare qualit\u00e0 del codice, manutenibilit\u00e0 e velocit\u00e0 di sviluppo.<\/p>\n\t\t\t\t\t<\/div>\n\t\t\t\t<\/div>\n\t\t\t\t\t\n\t\t\t<\/div>\n\t\t\n\n\t\t\n\t\t<div class=\"row mb-5\">\n\t\t\t<p class=\"p-cust text-center padding-new py-0\">Il risultato \u00e8 una <span class=\"titoli-grassetto\">piattaforma AEM cloud integrata<\/span>, progettata per garantire performance elevate, governance centralizzata e una gestione efficiente dei touchpoint digitali.<\/p>\n\t\t<\/div>\n\t\t\n\t<\/div>\n\t\t\n\t<!-- benefici -->\n\t<div class=\"container-cust\">\n\t\t<div class=\"row\">\n\t\t\t<div class=\"col-12 padding-new pb-2\">\n\t\t\t\t<h2 class=\"titoli-h1 text-center\">Risultati: benefici concreti della AEM cloud migration<\/h2>\n\t\t\t\t<p class=\"p-cust pl-lg-5 mb-5 text-center\">Il progetto di modernizzazione ecosistema digitale ha generato risultati tangibili su pi\u00f9 livelli: tecnologico, operativo e strategico<\/p>\n\t\t\t<\/div>\n\t\t<\/div>\n\t\t<div class=\"row\">\n\t\t\t<div class=\"col-12 col-md-12 col-lg-6\">\n\t\t\t\t<div class=\"d-flex flex-column align-items-center mb-4\" style=\"min-height: 300px; border: 4px solid #ec008c;\">\n\t\t\t\t\t<div>\n\t\t\t\t\t   <h3 class=\"titoli-h2 mt-4 text-center\">Metriche chiave<\/h3>\n\t\t\t\t\t<\/div>\n\t\t\t\t\t<ul class=\"p-cust pl-lg-5 mb-5\">\n\t\t\t\t\t\t<li><span class=\"titoli-grassetto\">100% touchpoint digitali integrati (web, app, intranet)<\/span><\/li>\n\t\t\t\t\t\t<li><span class=\"titoli-grassetto\">900+ issue di codice risolte<\/span> <\/li>\n\t\t\t\t\t\t<li><span class=\"titoli-grassetto\">Upgrade completo dello stack tecnologico (Java 21, Node 22)<\/span> <\/li>\n\t\t\t\t\t\t<li><span class=\"titoli-grassetto\">Riduzione significativa del time-to-market<\/span> <\/li>\n\t\t\t\t\t\t<li><span class=\"titoli-grassetto\">Architettura unificata e scalabile in cloud<\/span><\/li>\n\t\t\t\t\t<\/ul>\n\t\t\t\t<\/div>\n\t\t\t<\/div>\n\t\t\t<div class=\"col-12 col-md-12 col-lg-6\">\n\t\t\t\t<div class=\"d-flex flex-column align-items-center mb-4\" style=\"min-height: 300px; border: 4px solid #ec008c;\">\n\t\t\t\t\t<div>\n\t\t\t\t\t   <h3 class=\"titoli-h2 mt-4 text-center\">Impatti operativi e strategici<\/h3>\n\t\t\t\t\t<\/div>\n\t\t\t\t\t<ul class=\"p-cust pl-lg-5 mb-5\">\n\t\t\t\t\t\t<li><span class=\"titoli-grassetto\">Maggiore velocit\u00e0 nei rilasci e nella gestione dei contenuti<\/span><\/li>\n\t\t\t\t\t\t<li><span class=\"titoli-grassetto\">Governance centralizzata e riduzione dei silos tra team<\/span><\/li>\n\t\t\t\t\t\t<li><span class=\"titoli-grassetto\">Migliore qualit\u00e0 del codice e semplificazione della manutenzione<\/span><\/li>\n\t\t\t\t\t\t<li><span class=\"titoli-grassetto\">Ecosistema digitale integrato e coerente su tutti i canali<\/span><\/li>\n\t\t\t\t\t<li><span class=\"titoli-grassetto\">Scalabilit\u00e0 e flessibilit\u00e0 per supportare innovazione e crescita<\/span><\/li><\/ul>\n\t\t\t\t<\/div>\n\t\t\t<\/div>\n\t\t<\/div>\n\t\t<div class=\"row\">\n\t\t\t<div class=\"col-12 padding-new pt-4 pb-2\">\n\t\t\t\t<p class=\"p-cust pl-lg-5 mb-5 text-center\">Oggi il brand dispone di un ecosystema digitale su AEMacCS, capace di supportare esperienze digitali ad alte prestazioni, mantenendo coerenza globale e standard elevati<\/p>\n\t\t\t<\/div>\n\t\t<\/div>\n\t\t\t\n\t<\/div>\n\t\t\n\t<!-- chiusura -->\n\t<div class=\"container-cust\">\n\t\t<div class=\"row\">\n\t\t\t<div class=\"col-12 padding-new pt-5 pb-5\">\n\t\t\t\t<h2 class=\"titoli-h1 text-center\">Vuoi realizzare una AEM cloud migration efficace?<\/h2>\n\t\t\t\t<p class=\"p-cust pl-lg-5 mb-5 text-center\">Trasforma il tuo ecosistema con AEM cloud migration e rinnovo infrastrutture ICT per ottenere pi\u00f9 performance, governance e scalabilit\u00e0<\/p>\n\t\t\t\t<p class=\"p-cust pl-lg-5 mb-5 text-center\"><a href=\"https:\/\/www.nesea.it\/en\/contatti\/\">Parla con i nostri esperti<\/a> e porta la tua piattaforma digitale al livello del tuo brand<\/p>\n\t\t\t<\/div>\n\t\t<\/div>\n\t\n\t<\/div>\n\t\n\t\n<\/section>","protected":false},"excerpt":{"rendered":"<p>Experience AEM cloud migration per brand luxury: performance e scalabilit\u00e0 Un brand luxury globale del settore automotive affrontava un ecosistema digitale frammentato, con limiti in termini di performance, governance e scalabilit\u00e0. nesea ha guidato una AEM cloud migration completa, integrando piattaforme e modernizzando l\u2019intera infrastruttura. Risultato: ecosistema digitale unificato, maggiore velocit\u00e0 di rilascio e base [&hellip;]<\/p>","protected":false},"author":2,"featured_media":0,"parent":5066,"menu_order":0,"comment_status":"closed","ping_status":"closed","template":"templates\/template_page-full-width.php","meta":{"footnotes":""},"class_list":["post-5100","page","type-page","status-publish","hentry"],"yoast_head":"<!-- This site is optimized with the Yoast SEO plugin v22.3 - https:\/\/yoast.com\/wordpress\/plugins\/seo\/ -->\n<title>AEM Cloud Migration per brand luxury | Case nesea<\/title>\n<meta name=\"description\" content=\"Case AEM cloud per brand luxury: scopri come la modernizzazione infrastruttura digitale e l\u2019integrazione AEM cloud migliorano performance e scalabilit\u00e0\" \/>\n<meta name=\"robots\" content=\"index, follow, max-snippet:-1, max-image-preview:large, max-video-preview:-1\" \/>\n<link rel=\"canonical\" href=\"https:\/\/www.nesea.it\/en\/case-study-digital-transformation\/aem-cloud-migration-modernizzazione-infrastruttura-digitale\/\" \/>\n<meta property=\"og:locale\" content=\"en_US\" \/>\n<meta property=\"og:type\" content=\"article\" \/>\n<meta property=\"og:title\" content=\"AEM Cloud Migration per brand luxury | Case nesea\" \/>\n<meta property=\"og:description\" content=\"Case AEM cloud per brand luxury: scopri come la modernizzazione infrastruttura digitale e l\u2019integrazione AEM cloud migliorano performance e scalabilit\u00e0\" \/>\n<meta property=\"og:url\" content=\"https:\/\/www.nesea.it\/en\/case-study-digital-transformation\/aem-cloud-migration-modernizzazione-infrastruttura-digitale\/\" \/>\n<meta property=\"og:site_name\" content=\"nesea\" \/>\n<meta property=\"article:publisher\" content=\"https:\/\/www.facebook.com\/neseaIT\" \/>\n<meta property=\"article:modified_time\" content=\"2026-04-21T07:59:34+00:00\" \/>\n<meta property=\"og:image\" content=\"https:\/\/www.nesea.it\/wp-content\/uploads\/2024\/02\/n-big-grey.png\" \/>\n<meta name=\"twitter:card\" content=\"summary_large_image\" \/>\n<meta name=\"twitter:site\" content=\"@nesea_it\" \/>\n<meta name=\"twitter:label1\" content=\"Est. reading time\" \/>\n\t<meta name=\"twitter:data1\" content=\"5 minutes\" \/>\n<script type=\"application\/ld+json\" class=\"yoast-schema-graph\">{\"@context\":\"https:\/\/schema.org\",\"@graph\":[{\"@type\":\"WebPage\",\"@id\":\"https:\/\/www.nesea.it\/case-study-digital-transformation\/aem-cloud-migration-modernizzazione-infrastruttura-digitale\/\",\"url\":\"https:\/\/www.nesea.it\/case-study-digital-transformation\/aem-cloud-migration-modernizzazione-infrastruttura-digitale\/\",\"name\":\"AEM Cloud Migration per brand luxury | Case nesea\",\"isPartOf\":{\"@id\":\"https:\/\/www.nesea.it\/#website\"},\"primaryImageOfPage\":{\"@id\":\"https:\/\/www.nesea.it\/case-study-digital-transformation\/aem-cloud-migration-modernizzazione-infrastruttura-digitale\/#primaryimage\"},\"image\":{\"@id\":\"https:\/\/www.nesea.it\/case-study-digital-transformation\/aem-cloud-migration-modernizzazione-infrastruttura-digitale\/#primaryimage\"},\"thumbnailUrl\":\"https:\/\/www.nesea.it\/wp-content\/uploads\/2024\/02\/n-big-grey.png\",\"datePublished\":\"2026-04-15T09:58:42+00:00\",\"dateModified\":\"2026-04-21T07:59:34+00:00\",\"description\":\"Case AEM cloud per brand luxury: scopri come la modernizzazione infrastruttura digitale e l\u2019integrazione AEM cloud migliorano performance e scalabilit\u00e0\",\"breadcrumb\":{\"@id\":\"https:\/\/www.nesea.it\/case-study-digital-transformation\/aem-cloud-migration-modernizzazione-infrastruttura-digitale\/#breadcrumb\"},\"inLanguage\":\"en-US\",\"potentialAction\":[{\"@type\":\"ReadAction\",\"target\":[\"https:\/\/www.nesea.it\/case-study-digital-transformation\/aem-cloud-migration-modernizzazione-infrastruttura-digitale\/\"]}]},{\"@type\":\"ImageObject\",\"inLanguage\":\"en-US\",\"@id\":\"https:\/\/www.nesea.it\/case-study-digital-transformation\/aem-cloud-migration-modernizzazione-infrastruttura-digitale\/#primaryimage\",\"url\":\"https:\/\/www.nesea.it\/wp-content\/uploads\/2024\/02\/n-big-grey.png\",\"contentUrl\":\"https:\/\/www.nesea.it\/wp-content\/uploads\/2024\/02\/n-big-grey.png\",\"width\":624,\"height\":737},{\"@type\":\"BreadcrumbList\",\"@id\":\"https:\/\/www.nesea.it\/case-study-digital-transformation\/aem-cloud-migration-modernizzazione-infrastruttura-digitale\/#breadcrumb\",\"itemListElement\":[{\"@type\":\"ListItem\",\"position\":1,\"name\":\"Home\",\"item\":\"https:\/\/www.nesea.it\/\"},{\"@type\":\"ListItem\",\"position\":2,\"name\":\"Case study digital transformation\",\"item\":\"https:\/\/www.nesea.it\/case-study-digital-transformation\/\"},{\"@type\":\"ListItem\",\"position\":3,\"name\":\"Aem cloud migration modernizzazione infrastruttura digitale\"}]},{\"@type\":\"WebSite\",\"@id\":\"https:\/\/www.nesea.it\/#website\",\"url\":\"https:\/\/www.nesea.it\/\",\"name\":\"nesea\",\"description\":\"Ascolto in azione\",\"publisher\":{\"@id\":\"https:\/\/www.nesea.it\/#organization\"},\"potentialAction\":[{\"@type\":\"SearchAction\",\"target\":{\"@type\":\"EntryPoint\",\"urlTemplate\":\"https:\/\/www.nesea.it\/?s={search_term_string}\"},\"query-input\":\"required name=search_term_string\"}],\"inLanguage\":\"en-US\"},{\"@type\":\"Organization\",\"@id\":\"https:\/\/www.nesea.it\/#organization\",\"name\":\"nesea\",\"url\":\"https:\/\/www.nesea.it\/\",\"logo\":{\"@type\":\"ImageObject\",\"inLanguage\":\"en-US\",\"@id\":\"https:\/\/www.nesea.it\/#\/schema\/logo\/image\/\",\"url\":\"https:\/\/www.nesea.it\/wp-content\/uploads\/2023\/08\/logo_209x50.png\",\"contentUrl\":\"https:\/\/www.nesea.it\/wp-content\/uploads\/2023\/08\/logo_209x50.png\",\"width\":209,\"height\":50,\"caption\":\"nesea\"},\"image\":{\"@id\":\"https:\/\/www.nesea.it\/#\/schema\/logo\/image\/\"},\"sameAs\":[\"https:\/\/www.facebook.com\/neseaIT\",\"https:\/\/twitter.com\/nesea_it\",\"https:\/\/www.linkedin.com\/company\/nesea\/\",\"https:\/\/www.instagram.com\/neseaita\",\"https:\/\/www.youtube.com\/@neseaita\"]}]}<\/script>\n<!-- \/ Yoast SEO plugin. -->","yoast_head_json":{"title":"AEM Cloud Migration per brand luxury | Case nesea","description":"Case AEM cloud per brand luxury: scopri come la modernizzazione infrastruttura digitale e l\u2019integrazione AEM cloud migliorano performance e scalabilit\u00e0","robots":{"index":"index","follow":"follow","max-snippet":"max-snippet:-1","max-image-preview":"max-image-preview:large","max-video-preview":"max-video-preview:-1"},"canonical":"https:\/\/www.nesea.it\/en\/case-study-digital-transformation\/aem-cloud-migration-modernizzazione-infrastruttura-digitale\/","og_locale":"en_US","og_type":"article","og_title":"AEM Cloud Migration per brand luxury | Case nesea","og_description":"Case AEM cloud per brand luxury: scopri come la modernizzazione infrastruttura digitale e l\u2019integrazione AEM cloud migliorano performance e scalabilit\u00e0","og_url":"https:\/\/www.nesea.it\/en\/case-study-digital-transformation\/aem-cloud-migration-modernizzazione-infrastruttura-digitale\/","og_site_name":"nesea","article_publisher":"https:\/\/www.facebook.com\/neseaIT","article_modified_time":"2026-04-21T07:59:34+00:00","og_image":[{"url":"https:\/\/www.nesea.it\/wp-content\/uploads\/2024\/02\/n-big-grey.png"}],"twitter_card":"summary_large_image","twitter_site":"@nesea_it","twitter_misc":{"Est. reading time":"5 minutes"},"schema":{"@context":"https:\/\/schema.org","@graph":[{"@type":"WebPage","@id":"https:\/\/www.nesea.it\/case-study-digital-transformation\/aem-cloud-migration-modernizzazione-infrastruttura-digitale\/","url":"https:\/\/www.nesea.it\/case-study-digital-transformation\/aem-cloud-migration-modernizzazione-infrastruttura-digitale\/","name":"AEM Cloud Migration per brand luxury | Case nesea","isPartOf":{"@id":"https:\/\/www.nesea.it\/#website"},"primaryImageOfPage":{"@id":"https:\/\/www.nesea.it\/case-study-digital-transformation\/aem-cloud-migration-modernizzazione-infrastruttura-digitale\/#primaryimage"},"image":{"@id":"https:\/\/www.nesea.it\/case-study-digital-transformation\/aem-cloud-migration-modernizzazione-infrastruttura-digitale\/#primaryimage"},"thumbnailUrl":"https:\/\/www.nesea.it\/wp-content\/uploads\/2024\/02\/n-big-grey.png","datePublished":"2026-04-15T09:58:42+00:00","dateModified":"2026-04-21T07:59:34+00:00","description":"Case AEM cloud per brand luxury: scopri come la modernizzazione infrastruttura digitale e l\u2019integrazione AEM cloud migliorano performance e scalabilit\u00e0","breadcrumb":{"@id":"https:\/\/www.nesea.it\/case-study-digital-transformation\/aem-cloud-migration-modernizzazione-infrastruttura-digitale\/#breadcrumb"},"inLanguage":"en-US","potentialAction":[{"@type":"ReadAction","target":["https:\/\/www.nesea.it\/case-study-digital-transformation\/aem-cloud-migration-modernizzazione-infrastruttura-digitale\/"]}]},{"@type":"ImageObject","inLanguage":"en-US","@id":"https:\/\/www.nesea.it\/case-study-digital-transformation\/aem-cloud-migration-modernizzazione-infrastruttura-digitale\/#primaryimage","url":"https:\/\/www.nesea.it\/wp-content\/uploads\/2024\/02\/n-big-grey.png","contentUrl":"https:\/\/www.nesea.it\/wp-content\/uploads\/2024\/02\/n-big-grey.png","width":624,"height":737},{"@type":"BreadcrumbList","@id":"https:\/\/www.nesea.it\/case-study-digital-transformation\/aem-cloud-migration-modernizzazione-infrastruttura-digitale\/#breadcrumb","itemListElement":[{"@type":"ListItem","position":1,"name":"Home","item":"https:\/\/www.nesea.it\/"},{"@type":"ListItem","position":2,"name":"Case study digital transformation","item":"https:\/\/www.nesea.it\/case-study-digital-transformation\/"},{"@type":"ListItem","position":3,"name":"Aem cloud migration modernizzazione infrastruttura digitale"}]},{"@type":"WebSite","@id":"https:\/\/www.nesea.it\/#website","url":"https:\/\/www.nesea.it\/","name":"nesea","description":"Ascolto in azione","publisher":{"@id":"https:\/\/www.nesea.it\/#organization"},"potentialAction":[{"@type":"SearchAction","target":{"@type":"EntryPoint","urlTemplate":"https:\/\/www.nesea.it\/?s={search_term_string}"},"query-input":"required name=search_term_string"}],"inLanguage":"en-US"},{"@type":"Organization","@id":"https:\/\/www.nesea.it\/#organization","name":"nesea","url":"https:\/\/www.nesea.it\/","logo":{"@type":"ImageObject","inLanguage":"en-US","@id":"https:\/\/www.nesea.it\/#\/schema\/logo\/image\/","url":"https:\/\/www.nesea.it\/wp-content\/uploads\/2023\/08\/logo_209x50.png","contentUrl":"https:\/\/www.nesea.it\/wp-content\/uploads\/2023\/08\/logo_209x50.png","width":209,"height":50,"caption":"nesea"},"image":{"@id":"https:\/\/www.nesea.it\/#\/schema\/logo\/image\/"},"sameAs":["https:\/\/www.facebook.com\/neseaIT","https:\/\/twitter.com\/nesea_it","https:\/\/www.linkedin.com\/company\/nesea\/","https:\/\/www.instagram.com\/neseaita","https:\/\/www.youtube.com\/@neseaita"]}]}},"_links":{"self":[{"href":"https:\/\/www.nesea.it\/en\/wp-json\/wp\/v2\/pages\/5100","targetHints":{"allow":["GET"]}}],"collection":[{"href":"https:\/\/www.nesea.it\/en\/wp-json\/wp\/v2\/pages"}],"about":[{"href":"https:\/\/www.nesea.it\/en\/wp-json\/wp\/v2\/types\/page"}],"author":[{"embeddable":true,"href":"https:\/\/www.nesea.it\/en\/wp-json\/wp\/v2\/users\/2"}],"replies":[{"embeddable":true,"href":"https:\/\/www.nesea.it\/en\/wp-json\/wp\/v2\/comments?post=5100"}],"version-history":[{"count":2,"href":"https:\/\/www.nesea.it\/en\/wp-json\/wp\/v2\/pages\/5100\/revisions"}],"predecessor-version":[{"id":5165,"href":"https:\/\/www.nesea.it\/en\/wp-json\/wp\/v2\/pages\/5100\/revisions\/5165"}],"up":[{"embeddable":true,"href":"https:\/\/www.nesea.it\/en\/wp-json\/wp\/v2\/pages\/5066"}],"wp:attachment":[{"href":"https:\/\/www.nesea.it\/en\/wp-json\/wp\/v2\/media?parent=5100"}],"curies":[{"name":"wp","href":"https:\/\/api.w.org\/{rel}","templated":true}]}}