{"id":5110,"date":"2026-04-15T12:26:08","date_gmt":"2026-04-15T10:26:08","guid":{"rendered":"https:\/\/www.nesea.it\/?page_id=5110"},"modified":"2026-04-15T12:26:09","modified_gmt":"2026-04-15T10:26:09","slug":"infrastruttura-ict","status":"publish","type":"page","link":"https:\/\/www.nesea.it\/en\/case-study-digital-transformation\/infrastruttura-ict\/","title":{"rendered":"Infrastruttura ICT"},"content":{"rendered":"<!-- customize sez bread -->\n<style>\n  #breadcrumb-area {\n    background: url(https:\/\/www.nesea.it\/wp-content\/uploads\/2026\/04\/infrastruttura-ict-header.jpg)!important;\n    background-position: 0 0!important;\n    background-size: contain!important;\n    background-repeat: no-repeat!important;    \n  }\n<\/style>\n<!-- fine customize sez bread -->\n\n<section class=\"section-padding pb-2 pb-lg-0\">\n\t<!-- Testo apertura -->\n\t<div class=\"container-cust txt-apertura\" style=\"margin-top: 2em !important; margin-bottom: 4em;\">\n\t\t<div class=\"row\">\n\t\t\t<div class=\"col-12 col-lg-6 d-flex justify-content-center\">\n\t\t\t\t<img decoding=\"async\" title=\"Green\" src=\"https:\/\/www.nesea.it\/wp-content\/uploads\/2024\/02\/n-big-grey.png\" alt=\"Green\" style=\"height: 70%;\">\n\t\t\t\t<div class=\"d-flex justify-content-center align-items-center txt-inclinato\">\n\t\t\t\t\t<h2 class=\"titoli-h1-bay\">Experience<\/h2>\n\t\t\t\t<\/div>\n\t\t\t<\/div>\n\t\t\t<div class=\"col-12 col-lg-6\">\n\t\t\t\t<h1 class=\"titoli-h1\">Infrastruttura ICT nel gaming: sicurezza e performance<\/h1>\n\t\t\t\t<p class=\"p-cust\">Un leader globale nel settore lottery &amp; gaming operava su una infrastruttura ICT obsoleta, con criticit\u00e0 in sicurezza, performance e integrazione dei sistemi. nesea ha guidato un percorso di modernizzazione infrastruttura digitale, migliorando efficienza, user experience e scalabilit\u00e0.<br><br>Risultato: piattaforma pi\u00f9 sicura, performante e pronta per supportare la crescita globale.<\/p>\n\t\t\t<\/div>\n\t\t<\/div>\n\t<\/div>\n\t\n\t<!-- contenuti txt+img -->\n\t<div class=\"container container-full-cust\">\n\t\t<!-- txt+img -->\n\t\t<div class=\"row pt-5 mt-5 mb-5\">\n\t\t\t<div class=\"col-12 col-lg-6 txt-dx smart order-last order-lg-first d-flex flex-column justify-content-center\">\n\t\t\t\t<h2 class=\"titoli-h2 text-left\">Sfida: infrastruttura ICT obsoleta e non performante<\/h2>\n\t\t\t\t<p class=\"p-cust text-left\">Un leader internazionale nel settore lottery &amp; gaming digitale operava su una infrastruttura ICT costruita nel tempo su tecnologie ormai superate, come Java legacy, framework deprecati e sistemi di versioning non pi\u00f9 adeguati agli standard attuali.<br><br>Questa condizione generava criticit\u00e0 rilevanti in termini di sicurezza, performance e capacit\u00e0 di evoluzione della piattaforma, con un impatto diretto sull\u2019esperienza utente e sulla gestione delle transazioni digitali.<br><br>La presenza di vulnerabilit\u00e0 evidenziate da analisi SAST e DAST, unita a una bassa manutenibilit\u00e0 del codice e a difficolt\u00e0 di integrazione con sistemi terzi, rendeva complesso supportare nuovi servizi e canali digitali<br>L\u2019infrastruttura ICT, da abilitatore di innovazione, era diventata un limite alla crescita e alla competitivit\u00e0 nel settore gaming digitale.<\/p>\n\t\t\t<\/div>\n\t\t\t<div class=\"col-12 col-lg-6 order-first order-lg-last\">\n\t\t\t\t<img decoding=\"async\" title=\"Case Studies\" src=\"https:\/\/www.nesea.it\/wp-content\/uploads\/2026\/04\/infrastruttura-ict-imm1.jpg\" alt=\"Case Studies\" class=\"float-right\">\n\t\t\t<\/div>\n\t\t<\/div>\n\t\t\n\t\t<!-- img+txt -->\n\t\t<div class=\"row mt-5 pt-5\">\n\t\t\t<div class=\"col-12 col-lg-6\">\n\t\t\t\t<img decoding=\"async\" title=\"Case Studies\" src=\"https:\/\/www.nesea.it\/wp-content\/uploads\/2026\/04\/infrastruttura-ict-imm2.jpg\" alt=\"Case Studies\">\n\t\t\t<\/div>\n\t\t\t<div class=\"col-12 col-lg-6 txt-sx smart d-flex flex-column justify-content-center\">\n\t\t\t\t<h2 class=\"titoli-h2\">Soluzione: rinnovo infrastruttura ICT e modernizzazione applicativa<\/h2>\n\t\t\t\t<p class=\"p-cust\">Per rispondere a queste sfide, nesea ha progettato un intervento strutturato di rinnovo infrastrutture ICT, con l\u2019obiettivo di trasformare la piattaforma esistente in un ecosistema moderno, sicuro e altamente performante.<br><br>L\u2019intervento ha combinato aggiornamento tecnologico, refactoring applicativo e introduzione di nuove logiche di integrazione, creando una infrastruttura ICT pi\u00f9 flessibile e pronta a supportare servizi digitali evoluti.<br><br>Questa modernizzazione infrastruttura digitale ha permesso di migliorare la qualit\u00e0 del codice, ridurre i rischi di sicurezza e abilitare nuove funzionalit\u00e0, in particolare per il canale mobile e per la gestione delle transazioni.<\/p>\n\t\t\t<\/div>\n\t\t<\/div>\n\n\t<\/div>\n\t\n\t<!-- elementi -->\n\t<div class=\"container-cust mt-5\" style=\"background: #f7f7f7;\">\n\t\t<div class=\"row mt-5\">\n\t\t\t<div class=\"col-12 padding-new pt-0 pb-2\">\n\t\t\t\t<h3 class=\"titoli-h1 text-center\">Elementi chiave della soluzione infrastruttura ICT<\/h3>\n\t\t\t<\/div>\n\t\t<\/div>\n\t\t<div class=\"row mt-5\">\n\t\t\n\t\t\t<div class=\"d-flex flex-row justify-content-around flex-wrap\">\n\t\t\t\n\t\t\t\t<div class=\"d-flex flex-column beneficio-block mb-4 align-items-center\" style=\"width: 400px;\">\n\t\t\t\t\t<div style=\"height: 115px;\">\n\t\t\t\t\t  <img decoding=\"async\" alt=\"Customer\" src=\"https:\/\/www.nesea.it\/wp-content\/uploads\/2026\/04\/icon_\u2022-Upgrade-tecnologico-della-piattaforma.png\">\n\t\t\t\t\t<\/div>\n\t\t\t\t\t<div>\n\t\t\t\t\t\t<h2 class=\"titoli-h2 mt-4 text-center\" style=\"min-height: 60px;\">Upgrade tecnologico della piattaforma<\/h2>\n\t\t\t\t\t<\/div>\n\t\t\t\t\t<div>\n\t\t\t\t\t\t<p class=\"p-cust text-center\" style=\"min-height: 80px; width: 240px;\">Migrazione degli applicativi verso versioni moderne di Java per migliorare performance, sicurezza e manutenibilit\u00e0 del sistema.<\/p>\n\t\t\t\t\t<\/div>\n\t\t\t\t<\/div>\n\t\t\t\t\n\t\t\t\t<div class=\"d-flex flex-column beneficio-block mb-4 align-items-center\" style=\"width: 400px;\">\n\t\t\t\t\t<div style=\"height: 115px;\">\n\t\t\t\t\t  <img decoding=\"async\" alt=\"Customer\" src=\"https:\/\/www.nesea.it\/wp-content\/uploads\/2026\/04\/icon_\u2022-Refactoring-dei-framework-applicativi.png\">\n\t\t\t\t\t<\/div>\n\t\t\t\t\t<div>\n\t\t\t\t\t\t<h2 class=\"titoli-h2 mt-4 text-center\" style=\"min-height: 60px;\">Refactoring dei framework applicativi<\/h2>\n\t\t\t\t\t<\/div>\n\t\t\t\t\t<div>\n\t\t\t\t\t\t<p class=\"p-cust text-center\" style=\"min-height: 80px; width: 240px;\">Sostituzione di tecnologie obsolete con framework evoluti per garantire maggiore stabilit\u00e0 e scalabilit\u00e0.<\/p>\n\t\t\t\t\t<\/div>\n\t\t\t\t<\/div>\n\t\t\t\t\n\t\t\t\t<div class=\"d-flex flex-column beneficio-block mb-4 align-items-center\" style=\"width: 400px;\">\n\t\t\t\t\t<div style=\"height: 115px;\">\n\t\t\t\t\t  <img decoding=\"async\" alt=\"Customer\" src=\"https:\/\/www.nesea.it\/wp-content\/uploads\/2026\/04\/icon_\u2022-Continuous-integration-e-automazione.png\">\n\t\t\t\t\t<\/div>\n\t\t\t\t\t<div>\n\t\t\t\t\t\t<h2 class=\"titoli-h2 mt-4 text-center\" style=\"min-height: 60px;\">Continuous integration e automazione<\/h2>\n\t\t\t\t\t<\/div>\n\t\t\t\t\t<div>\n\t\t\t\t\t\t<p class=\"p-cust text-center\" style=\"min-height: 80px; width: 240px;\">Introduzione di pipeline CI\/CD per accelerare lo sviluppo e ridurre errori nei rilasci.<\/p>\n\t\t\t\t\t<\/div>\n\t\t\t\t<\/div>\n\t\t\t\t\n\t\t\t\t<div class=\"d-flex flex-column beneficio-block mb-4 align-items-center\" style=\"width: 400px;\">\n\t\t\t\t\t<div style=\"height: 115px;\">\n\t\t\t\t\t  <img decoding=\"async\" alt=\"Customer\" src=\"https:\/\/www.nesea.it\/wp-content\/uploads\/2026\/04\/icon_\u2022-Gestione-repository-evoluta.png\">\n\t\t\t\t\t<\/div>\n\t\t\t\t\t<div>\n\t\t\t\t\t\t<h2 class=\"titoli-h2 mt-4 text-center\" style=\"min-height: 60px;\">Gestione repository evoluta<\/h2>\n\t\t\t\t\t<\/div>\n\t\t\t\t\t<div>\n\t\t\t\t\t\t<p class=\"p-cust text-center\" style=\"min-height: 80px; width: 240px;\">Passaggio a sistemi moderni di versioning per migliorare collaborazione e controllo del codice.<\/p>\n\t\t\t\t\t<\/div>\n\t\t\t\t<\/div>\n\t\t\t\t\n\t\t\t\t<div class=\"d-flex flex-column beneficio-block mb-4 align-items-center\" style=\"width: 400px;\">\n\t\t\t\t\t<div style=\"height: 115px;\">\n\t\t\t\t\t  <img decoding=\"async\" alt=\"Customer\" src=\"https:\/\/www.nesea.it\/wp-content\/uploads\/2026\/04\/icon_\u2022-Integrazione-API-e-nuovi-servizi-digitali.png\">\n\t\t\t\t\t<\/div>\n\t\t\t\t\t<div>\n\t\t\t\t\t\t<h2 class=\"titoli-h2 mt-4 text-center\" style=\"min-height: 60px;\">Integrazione API e nuovi servizi digitali<\/h2>\n\t\t\t\t\t<\/div>\n\t\t\t\t\t<div>\n\t\t\t\t\t\t<p class=\"p-cust text-center\" style=\"min-height: 80px; width: 240px;\">Sviluppo di layer di integrazione per connettere sistemi e abilitare nuove funzionalit\u00e0, inclusi pagamenti digitali avanzati.<\/p>\n\t\t\t\t\t<\/div>\n\t\t\t\t<\/div>\n\t\t\t\t\t\n\t\t\t<\/div>\n\t\t\n\t\t<\/div>\n\t\t\n\t\t<div class=\"row mb-5\">\n\t\t\t<!--<p class=\"p-cust text-center padding-new py-0\">Il risultato \u00e8 una <span class=\"titoli-grassetto\">piattaforma AEM cloud integrata<\/span>, progettata per garantire performance elevate, governance centralizzata e una gestione efficiente dei touchpoint digitali.<\/p>-->\n\t\t<\/div>\n\t\t\n\t<\/div>\n\t\t\n\t<!-- benefici -->\n\t<div class=\"container-cust\">\n\t\t<div class=\"row\">\n\t\t\t<div class=\"col-12 padding-new pb-2\">\n\t\t\t\t<h2 class=\"titoli-h1 text-center\">Risultati: benefici concreti dell\u2019infrastruttura ICT<\/h2>\n\t\t\t\t<p class=\"p-cust pl-lg-5 mb-5 text-center\">Il progetto di rinnovo infrastruttura ICT ha generato risultati tangibili, migliorando in modo significativo le performance della piattaforma e l\u2019esperienza degli utenti finali\n\t\t\t\t<br><br>\n\t\t\t\tL\u2019intervento ha permesso di trasformare una piattaforma legacy in un ecosistema digitale moderno, capace di supportare elevati volumi di traffico e transazioni in modo sicuro e affidabile.\n\t\t\t\t<\/p>\n\t\t\t<\/div>\n\t\t<\/div>\n\t\t<div class=\"row\">\n\t\t\t<div class=\"col-12 col-md-12 col-lg-6\">\n\t\t\t\t<div class=\"d-flex flex-column align-items-center mb-4\" style=\"min-height: 300px; border: 4px solid #ec008c;\">\n\t\t\t\t\t<div>\n\t\t\t\t\t   <h3 class=\"titoli-h2 mt-4 text-center\">Metriche chiave<\/h3>\n\t\t\t\t\t<\/div>\n\t\t\t\t\t<ul class=\"p-cust pl-lg-5 mb-5\">\n\t\t\t\t\t\t<li><span class=\"titoli-grassetto\">Miglioramento significativo delle performance applicative <\/span><\/li>\n\t\t\t\t\t\t<li><span class=\"titoli-grassetto\">Riduzione delle vulnerabilit\u00e0 di sicurezza (SAST\/DAST) <\/span> <\/li>\n\t\t\t\t\t\t<li><span class=\"titoli-grassetto\">Introduzione di nuove funzionalit\u00e0 digitali <\/span> <\/li>\n\t\t\t\t\t\t<li><span class=\"titoli-grassetto\">Esperienza mobile ottimizzata per gli utenti <\/span> <\/li>\n\t\t\t\t\t\t<li><span class=\"titoli-grassetto\">Crescita della customer base fino a 1,2 milioni di utenti <\/span><\/li>\n\t\t\t\t\t<\/ul>\n\t\t\t\t<\/div>\n\t\t\t<\/div>\n\t\t\t<div class=\"col-12 col-md-12 col-lg-6\">\n\t\t\t\t<div class=\"d-flex flex-column align-items-center mb-4\" style=\"min-height: 300px; border: 4px solid #ec008c;\">\n\t\t\t\t\t<div>\n\t\t\t\t\t   <h3 class=\"titoli-h2 mt-4 text-center\">Impatti operativi infrastruttura ICT<\/h3>\n\t\t\t\t\t<\/div>\n\t\t\t\t\t<ul class=\"p-cust pl-lg-5 mb-5\">\n\t\t\t\t\t\t<li><span class=\"titoli-grassetto\">Maggiore stabilit\u00e0 e affidabilit\u00e0 della piattaforma <\/span><\/li>\n\t\t\t\t\t\t<li><span class=\"titoli-grassetto\">Riduzione della complessit\u00e0 tecnologica <\/span><\/li>\n\t\t\t\t\t\t<li><span class=\"titoli-grassetto\">Migliore integrazione tra sistemi e servizi <\/span><\/li>\n\t\t\t\t\t\t<li><span class=\"titoli-grassetto\">Maggiore velocit\u00e0 di sviluppo e rilascio <\/span><\/li>\n\t\t\t\t\t<\/ul>\n\t\t\t\t<\/div>\n\t\t\t<\/div>\n\t\t<\/div>\n\t\t<div class=\"row\">\n\t\t\t<div class=\"col-12 padding-new pt-4 pb-2\">\n\t\t\t\t<p class=\"p-cust pl-lg-5 mb-5 text-center\">Oggi l\u2019azienda dispone di una infrastruttura ICT moderna, sicura e scalabile, capace di supportare l\u2019innovazione continua e la crescita nel mercato globale del gaming digitale<\/p>\n\t\t\t<\/div>\n\t\t<\/div>\n\t\t\t\n\t<\/div>\n\t\t\n\t<!-- chiusura -->\n\t<div class=\"container-cust\">\n\t\t<div class=\"row\">\n\t\t\t<div class=\"col-12 padding-new pt-5 pb-5\">\n\t\t\t\t<h2 class=\"titoli-h1 text-center\">Vuoi rinnovare la tua infrastruttura ICT?<\/h2>\n\t\t\t\t<p class=\"p-cust pl-lg-5 mb-5 text-center\">Trasforma la tua azienda con un progetto di rinnovo infrastrutture ICT per migliorare sicurezza, performance e scalabilit\u00e0<\/p>\n\t\t\t\t<p class=\"p-cust pl-lg-5 mb-5 text-center\"><a href=\"https:\/\/www.nesea.it\/en\/contatti\/\">Parla con i nostri esperti<\/a> e avvia la modernizzazione della tua infrastruttura ICT<\/p>\n\t\t\t<\/div>\n\t\t<\/div>\n\t\n\t<\/div>\n\t\n\t\n<\/section>","protected":false},"excerpt":{"rendered":"<p>Experience Infrastruttura ICT nel gaming: sicurezza e performance Un leader globale nel settore lottery &amp; gaming operava su una infrastruttura ICT obsoleta, con criticit\u00e0 in sicurezza, performance e integrazione dei sistemi. nesea ha guidato un percorso di modernizzazione infrastruttura digitale, migliorando efficienza, user experience e scalabilit\u00e0.Risultato: piattaforma pi\u00f9 sicura, performante e pronta per supportare la [&hellip;]<\/p>","protected":false},"author":2,"featured_media":0,"parent":5066,"menu_order":0,"comment_status":"closed","ping_status":"closed","template":"templates\/template_page-full-width.php","meta":{"footnotes":""},"class_list":["post-5110","page","type-page","status-publish","hentry"],"yoast_head":"<!-- This site is optimized with the Yoast SEO plugin v22.3 - https:\/\/yoast.com\/wordpress\/plugins\/seo\/ -->\n<title>Infrastruttura ICT per il gaming: sicurezza e performance<\/title>\n<meta name=\"description\" content=\"Case infrastruttura ICT nel gaming: rinnovo infrastrutture ICT, sicurezza e performance per piattaforme digitali scalabili\" \/>\n<meta name=\"robots\" content=\"index, follow, max-snippet:-1, max-image-preview:large, max-video-preview:-1\" \/>\n<link rel=\"canonical\" href=\"https:\/\/www.nesea.it\/en\/case-study-digital-transformation\/infrastruttura-ict\/\" \/>\n<meta property=\"og:locale\" content=\"en_US\" \/>\n<meta property=\"og:type\" content=\"article\" \/>\n<meta property=\"og:title\" content=\"Infrastruttura ICT per il gaming: sicurezza e performance\" \/>\n<meta property=\"og:description\" content=\"Case infrastruttura ICT nel gaming: rinnovo infrastrutture ICT, sicurezza e performance per piattaforme digitali scalabili\" \/>\n<meta property=\"og:url\" content=\"https:\/\/www.nesea.it\/en\/case-study-digital-transformation\/infrastruttura-ict\/\" \/>\n<meta property=\"og:site_name\" content=\"nesea\" \/>\n<meta property=\"article:publisher\" content=\"https:\/\/www.facebook.com\/neseaIT\" \/>\n<meta property=\"article:modified_time\" content=\"2026-04-15T10:26:09+00:00\" \/>\n<meta property=\"og:image\" content=\"https:\/\/www.nesea.it\/wp-content\/uploads\/2024\/02\/n-big-grey.png\" \/>\n<meta name=\"twitter:card\" content=\"summary_large_image\" \/>\n<meta name=\"twitter:site\" content=\"@nesea_it\" \/>\n<meta name=\"twitter:label1\" content=\"Est. reading time\" \/>\n\t<meta name=\"twitter:data1\" content=\"5 minutes\" \/>\n<script type=\"application\/ld+json\" class=\"yoast-schema-graph\">{\"@context\":\"https:\/\/schema.org\",\"@graph\":[{\"@type\":\"WebPage\",\"@id\":\"https:\/\/www.nesea.it\/case-study-digital-transformation\/infrastruttura-ict\/\",\"url\":\"https:\/\/www.nesea.it\/case-study-digital-transformation\/infrastruttura-ict\/\",\"name\":\"Infrastruttura ICT per il gaming: sicurezza e performance\",\"isPartOf\":{\"@id\":\"https:\/\/www.nesea.it\/#website\"},\"primaryImageOfPage\":{\"@id\":\"https:\/\/www.nesea.it\/case-study-digital-transformation\/infrastruttura-ict\/#primaryimage\"},\"image\":{\"@id\":\"https:\/\/www.nesea.it\/case-study-digital-transformation\/infrastruttura-ict\/#primaryimage\"},\"thumbnailUrl\":\"https:\/\/www.nesea.it\/wp-content\/uploads\/2024\/02\/n-big-grey.png\",\"datePublished\":\"2026-04-15T10:26:08+00:00\",\"dateModified\":\"2026-04-15T10:26:09+00:00\",\"description\":\"Case infrastruttura ICT nel gaming: rinnovo infrastrutture ICT, sicurezza e performance per piattaforme digitali scalabili\",\"breadcrumb\":{\"@id\":\"https:\/\/www.nesea.it\/case-study-digital-transformation\/infrastruttura-ict\/#breadcrumb\"},\"inLanguage\":\"en-US\",\"potentialAction\":[{\"@type\":\"ReadAction\",\"target\":[\"https:\/\/www.nesea.it\/case-study-digital-transformation\/infrastruttura-ict\/\"]}]},{\"@type\":\"ImageObject\",\"inLanguage\":\"en-US\",\"@id\":\"https:\/\/www.nesea.it\/case-study-digital-transformation\/infrastruttura-ict\/#primaryimage\",\"url\":\"https:\/\/www.nesea.it\/wp-content\/uploads\/2024\/02\/n-big-grey.png\",\"contentUrl\":\"https:\/\/www.nesea.it\/wp-content\/uploads\/2024\/02\/n-big-grey.png\",\"width\":624,\"height\":737},{\"@type\":\"BreadcrumbList\",\"@id\":\"https:\/\/www.nesea.it\/case-study-digital-transformation\/infrastruttura-ict\/#breadcrumb\",\"itemListElement\":[{\"@type\":\"ListItem\",\"position\":1,\"name\":\"Home\",\"item\":\"https:\/\/www.nesea.it\/\"},{\"@type\":\"ListItem\",\"position\":2,\"name\":\"Case study digital transformation\",\"item\":\"https:\/\/www.nesea.it\/case-study-digital-transformation\/\"},{\"@type\":\"ListItem\",\"position\":3,\"name\":\"Infrastruttura ICT\"}]},{\"@type\":\"WebSite\",\"@id\":\"https:\/\/www.nesea.it\/#website\",\"url\":\"https:\/\/www.nesea.it\/\",\"name\":\"nesea\",\"description\":\"Ascolto in azione\",\"publisher\":{\"@id\":\"https:\/\/www.nesea.it\/#organization\"},\"potentialAction\":[{\"@type\":\"SearchAction\",\"target\":{\"@type\":\"EntryPoint\",\"urlTemplate\":\"https:\/\/www.nesea.it\/?s={search_term_string}\"},\"query-input\":\"required name=search_term_string\"}],\"inLanguage\":\"en-US\"},{\"@type\":\"Organization\",\"@id\":\"https:\/\/www.nesea.it\/#organization\",\"name\":\"nesea\",\"url\":\"https:\/\/www.nesea.it\/\",\"logo\":{\"@type\":\"ImageObject\",\"inLanguage\":\"en-US\",\"@id\":\"https:\/\/www.nesea.it\/#\/schema\/logo\/image\/\",\"url\":\"https:\/\/www.nesea.it\/wp-content\/uploads\/2023\/08\/logo_209x50.png\",\"contentUrl\":\"https:\/\/www.nesea.it\/wp-content\/uploads\/2023\/08\/logo_209x50.png\",\"width\":209,\"height\":50,\"caption\":\"nesea\"},\"image\":{\"@id\":\"https:\/\/www.nesea.it\/#\/schema\/logo\/image\/\"},\"sameAs\":[\"https:\/\/www.facebook.com\/neseaIT\",\"https:\/\/twitter.com\/nesea_it\",\"https:\/\/www.linkedin.com\/company\/nesea\/\",\"https:\/\/www.instagram.com\/neseaita\",\"https:\/\/www.youtube.com\/@neseaita\"]}]}<\/script>\n<!-- \/ Yoast SEO plugin. -->","yoast_head_json":{"title":"Infrastruttura ICT per il gaming: sicurezza e performance","description":"Case infrastruttura ICT nel gaming: rinnovo infrastrutture ICT, sicurezza e performance per piattaforme digitali scalabili","robots":{"index":"index","follow":"follow","max-snippet":"max-snippet:-1","max-image-preview":"max-image-preview:large","max-video-preview":"max-video-preview:-1"},"canonical":"https:\/\/www.nesea.it\/en\/case-study-digital-transformation\/infrastruttura-ict\/","og_locale":"en_US","og_type":"article","og_title":"Infrastruttura ICT per il gaming: sicurezza e performance","og_description":"Case infrastruttura ICT nel gaming: rinnovo infrastrutture ICT, sicurezza e performance per piattaforme digitali scalabili","og_url":"https:\/\/www.nesea.it\/en\/case-study-digital-transformation\/infrastruttura-ict\/","og_site_name":"nesea","article_publisher":"https:\/\/www.facebook.com\/neseaIT","article_modified_time":"2026-04-15T10:26:09+00:00","og_image":[{"url":"https:\/\/www.nesea.it\/wp-content\/uploads\/2024\/02\/n-big-grey.png"}],"twitter_card":"summary_large_image","twitter_site":"@nesea_it","twitter_misc":{"Est. reading time":"5 minutes"},"schema":{"@context":"https:\/\/schema.org","@graph":[{"@type":"WebPage","@id":"https:\/\/www.nesea.it\/case-study-digital-transformation\/infrastruttura-ict\/","url":"https:\/\/www.nesea.it\/case-study-digital-transformation\/infrastruttura-ict\/","name":"Infrastruttura ICT per il gaming: sicurezza e performance","isPartOf":{"@id":"https:\/\/www.nesea.it\/#website"},"primaryImageOfPage":{"@id":"https:\/\/www.nesea.it\/case-study-digital-transformation\/infrastruttura-ict\/#primaryimage"},"image":{"@id":"https:\/\/www.nesea.it\/case-study-digital-transformation\/infrastruttura-ict\/#primaryimage"},"thumbnailUrl":"https:\/\/www.nesea.it\/wp-content\/uploads\/2024\/02\/n-big-grey.png","datePublished":"2026-04-15T10:26:08+00:00","dateModified":"2026-04-15T10:26:09+00:00","description":"Case infrastruttura ICT nel gaming: rinnovo infrastrutture ICT, sicurezza e performance per piattaforme digitali scalabili","breadcrumb":{"@id":"https:\/\/www.nesea.it\/case-study-digital-transformation\/infrastruttura-ict\/#breadcrumb"},"inLanguage":"en-US","potentialAction":[{"@type":"ReadAction","target":["https:\/\/www.nesea.it\/case-study-digital-transformation\/infrastruttura-ict\/"]}]},{"@type":"ImageObject","inLanguage":"en-US","@id":"https:\/\/www.nesea.it\/case-study-digital-transformation\/infrastruttura-ict\/#primaryimage","url":"https:\/\/www.nesea.it\/wp-content\/uploads\/2024\/02\/n-big-grey.png","contentUrl":"https:\/\/www.nesea.it\/wp-content\/uploads\/2024\/02\/n-big-grey.png","width":624,"height":737},{"@type":"BreadcrumbList","@id":"https:\/\/www.nesea.it\/case-study-digital-transformation\/infrastruttura-ict\/#breadcrumb","itemListElement":[{"@type":"ListItem","position":1,"name":"Home","item":"https:\/\/www.nesea.it\/"},{"@type":"ListItem","position":2,"name":"Case study digital transformation","item":"https:\/\/www.nesea.it\/case-study-digital-transformation\/"},{"@type":"ListItem","position":3,"name":"Infrastruttura ICT"}]},{"@type":"WebSite","@id":"https:\/\/www.nesea.it\/#website","url":"https:\/\/www.nesea.it\/","name":"nesea","description":"Ascolto in azione","publisher":{"@id":"https:\/\/www.nesea.it\/#organization"},"potentialAction":[{"@type":"SearchAction","target":{"@type":"EntryPoint","urlTemplate":"https:\/\/www.nesea.it\/?s={search_term_string}"},"query-input":"required name=search_term_string"}],"inLanguage":"en-US"},{"@type":"Organization","@id":"https:\/\/www.nesea.it\/#organization","name":"nesea","url":"https:\/\/www.nesea.it\/","logo":{"@type":"ImageObject","inLanguage":"en-US","@id":"https:\/\/www.nesea.it\/#\/schema\/logo\/image\/","url":"https:\/\/www.nesea.it\/wp-content\/uploads\/2023\/08\/logo_209x50.png","contentUrl":"https:\/\/www.nesea.it\/wp-content\/uploads\/2023\/08\/logo_209x50.png","width":209,"height":50,"caption":"nesea"},"image":{"@id":"https:\/\/www.nesea.it\/#\/schema\/logo\/image\/"},"sameAs":["https:\/\/www.facebook.com\/neseaIT","https:\/\/twitter.com\/nesea_it","https:\/\/www.linkedin.com\/company\/nesea\/","https:\/\/www.instagram.com\/neseaita","https:\/\/www.youtube.com\/@neseaita"]}]}},"_links":{"self":[{"href":"https:\/\/www.nesea.it\/en\/wp-json\/wp\/v2\/pages\/5110","targetHints":{"allow":["GET"]}}],"collection":[{"href":"https:\/\/www.nesea.it\/en\/wp-json\/wp\/v2\/pages"}],"about":[{"href":"https:\/\/www.nesea.it\/en\/wp-json\/wp\/v2\/types\/page"}],"author":[{"embeddable":true,"href":"https:\/\/www.nesea.it\/en\/wp-json\/wp\/v2\/users\/2"}],"replies":[{"embeddable":true,"href":"https:\/\/www.nesea.it\/en\/wp-json\/wp\/v2\/comments?post=5110"}],"version-history":[{"count":1,"href":"https:\/\/www.nesea.it\/en\/wp-json\/wp\/v2\/pages\/5110\/revisions"}],"predecessor-version":[{"id":5111,"href":"https:\/\/www.nesea.it\/en\/wp-json\/wp\/v2\/pages\/5110\/revisions\/5111"}],"up":[{"embeddable":true,"href":"https:\/\/www.nesea.it\/en\/wp-json\/wp\/v2\/pages\/5066"}],"wp:attachment":[{"href":"https:\/\/www.nesea.it\/en\/wp-json\/wp\/v2\/media?parent=5110"}],"curies":[{"name":"wp","href":"https:\/\/api.w.org\/{rel}","templated":true}]}}